{"id":606,"date":"2025-07-04T10:05:52","date_gmt":"2025-07-04T10:05:52","guid":{"rendered":"https:\/\/noviprojekat.gemmaxgradnja.com\/?page_id=606"},"modified":"2025-07-04T10:19:11","modified_gmt":"2025-07-04T10:19:11","slug":"pupinova-palata-radovi-gemmax","status":"publish","type":"page","link":"https:\/\/noviprojekat.gemmaxgradnja.com\/index.php\/pupinova-palata-radovi-gemmax\/","title":{"rendered":"Pupinova palata radovi &#8211; Gemmax"},"content":{"rendered":"\t\t<div data-elementor-type=\"wp-page\" data-elementor-id=\"606\" class=\"elementor elementor-606\" data-elementor-post-type=\"page\">\n\t\t\t\t<div class=\"elementor-element elementor-element-8b18e04 e-flex e-con-boxed e-con e-parent\" data-id=\"8b18e04\" data-element_type=\"container\" data-settings=\"{&quot;background_background&quot;:&quot;classic&quot;}\">\n\t\t\t\t\t<div class=\"e-con-inner\">\n\t\t\t\t<div class=\"elementor-element elementor-element-1e4b18b elementor-widget elementor-widget-heading\" data-id=\"1e4b18b\" data-element_type=\"widget\" data-widget_type=\"heading.default\">\n\t\t\t\t<div class=\"elementor-widget-container\">\n\t\t\t\t\t<h2 class=\"elementor-heading-title elementor-size-default\">PUPINOVA PALATA<\/h2>\t\t\t\t<\/div>\n\t\t\t\t<\/div>\n\t\t\t\t\t<\/div>\n\t\t\t\t<\/div>\n\t\t<div class=\"elementor-element elementor-element-87cf174 e-flex e-con-boxed e-con e-parent\" data-id=\"87cf174\" data-element_type=\"container\">\n\t\t\t\t\t<div class=\"e-con-inner\">\n\t\t\t\t<div class=\"elementor-element elementor-element-07d4e37 elementor-widget elementor-widget-text-editor\" data-id=\"07d4e37\" data-element_type=\"widget\" data-widget_type=\"text-editor.default\">\n\t\t\t\t<div class=\"elementor-widget-container\">\n\t\t\t\t\t\t\t\t\t<h3 data-start=\"182\" data-end=\"222\">Izvo\u0111enje radova na Pupinovoj palati<\/h3><p data-start=\"224\" data-end=\"443\">Na objektu <strong data-start=\"235\" data-end=\"254\">Pupinove palate<\/strong>, jednom od najreprezentativnijih i najmodernijih poslovno-stambenih kompleksa u Novom Sadu, izvedeni su radovi koji podrazumevaju visok nivo tehni\u010dke preciznosti, organizacije i kvaliteta.<\/p><p data-start=\"445\" data-end=\"501\">Na\u0161a firma je bila anga\u017eovana na slede\u0107im fazama radova:<\/p><ul data-start=\"503\" data-end=\"1149\"><li data-start=\"503\" data-end=\"614\"><p data-start=\"505\" data-end=\"614\"><strong data-start=\"505\" data-end=\"537\">Pripremni i zemljani radovi:<\/strong> iskopi, nivelacija i priprema terena u skladu sa tehni\u010dkom dokumentacijom;<\/p><\/li><li data-start=\"615\" data-end=\"742\"><p data-start=\"617\" data-end=\"742\"><strong data-start=\"617\" data-end=\"649\">Gra\u0111evinsko-zanatski radovi:<\/strong> betoniranje, zidanje, fasaderski radovi i zavr\u0161na obrada u skladu sa najvi\u0161im standardima;<\/p><\/li><li data-start=\"743\" data-end=\"875\"><p data-start=\"745\" data-end=\"875\"><strong data-start=\"745\" data-end=\"779\">Radovi u oblasti niskogradnje:<\/strong> izgradnja pristupnih saobra\u0107ajnica, trotoara, ure\u0111enje zelenih povr\u0161ina i urbanog mobilijara;<\/p><\/li><li data-start=\"876\" data-end=\"1005\"><p data-start=\"878\" data-end=\"1005\"><strong data-start=\"878\" data-end=\"923\">Vodovodna i kanalizaciona infrastruktura:<\/strong> izvo\u0111enje spoljne i unutra\u0161nje mre\u017ee sa kompletnom instalacijom i priklju\u010dcima;<\/p><\/li><li data-start=\"1006\" data-end=\"1149\"><p data-start=\"1008\" data-end=\"1149\"><strong data-start=\"1008\" data-end=\"1047\">Tehni\u010dki i estetski zavr\u0161ni radovi:<\/strong> poplo\u010davanje, postavljanje ivi\u010dnjaka, obele\u017eavanje saobra\u0107ajnih pravaca i obnova povr\u0161inskih slojeva.<\/p><\/li><\/ul><p data-start=\"1151\" data-end=\"1359\">Tokom celog projekta, posebna pa\u017enja posve\u0107ena je bezbednosti na radu, uskla\u0111enosti sa urbanisti\u010dkim uslovima i o\u010duvanju vizuelnog identiteta jednog od najzna\u010dajnijih simbola savremene arhitekture Novog Sada.<\/p>\t\t\t\t\t\t\t\t<\/div>\n\t\t\t\t<\/div>\n\t\t\t\t<div class=\"elementor-element elementor-element-df9dd0b elementor-widget elementor-widget-gallery\" data-id=\"df9dd0b\" data-element_type=\"widget\" data-settings=\"{&quot;columns_tablet&quot;:3,&quot;columns_mobile&quot;:3,&quot;lazyload&quot;:&quot;yes&quot;,&quot;gallery_layout&quot;:&quot;grid&quot;,&quot;columns&quot;:4,&quot;gap&quot;:{&quot;unit&quot;:&quot;px&quot;,&quot;size&quot;:10,&quot;sizes&quot;:[]},&quot;gap_tablet&quot;:{&quot;unit&quot;:&quot;px&quot;,&quot;size&quot;:10,&quot;sizes&quot;:[]},&quot;gap_mobile&quot;:{&quot;unit&quot;:&quot;px&quot;,&quot;size&quot;:10,&quot;sizes&quot;:[]},&quot;link_to&quot;:&quot;file&quot;,&quot;aspect_ratio&quot;:&quot;3:2&quot;,&quot;overlay_background&quot;:&quot;yes&quot;,&quot;content_hover_animation&quot;:&quot;fade-in&quot;}\" data-widget_type=\"gallery.default\">\n\t\t\t\t<div class=\"elementor-widget-container\">\n\t\t\t\t\t\t\t<div class=\"elementor-gallery__container\">\n\t\t\t\t\t\t\t<a class=\"e-gallery-item elementor-gallery-item elementor-animated-content\" href=\"https:\/\/noviprojekat.gemmaxgradnja.com\/wp-content\/uploads\/2025\/07\/pupinova-palata-001_result.webp\" data-elementor-open-lightbox=\"yes\" data-elementor-lightbox-slideshow=\"df9dd0b\" data-elementor-lightbox-title=\"pupinova-palata-001_result\" data-e-action-hash=\"#elementor-action%3Aaction%3Dlightbox%26settings%3DeyJpZCI6NjA5LCJ1cmwiOiJodHRwczpcL1wvbm92aXByb2pla2F0LmdlbW1heGdyYWRuamEuY29tXC93cC1jb250ZW50XC91cGxvYWRzXC8yMDI1XC8wN1wvcHVwaW5vdmEtcGFsYXRhLTAwMV9yZXN1bHQud2VicCIsInNsaWRlc2hvdyI6ImRmOWRkMGIifQ%3D%3D\">\n\t\t\t\t\t<div class=\"e-gallery-image elementor-gallery-item__image\" data-thumbnail=\"https:\/\/noviprojekat.gemmaxgradnja.com\/wp-content\/uploads\/2025\/07\/pupinova-palata-001_result-300x225.webp\" data-width=\"300\" data-height=\"225\" aria-label=\"\" role=\"img\" ><\/div>\n\t\t\t\t\t\t\t\t\t\t\t<div class=\"elementor-gallery-item__overlay\"><\/div>\n\t\t\t\t\t\t\t\t\t\t\t\t\t\t<\/a>\n\t\t\t\t\t\t\t<a class=\"e-gallery-item elementor-gallery-item elementor-animated-content\" href=\"https:\/\/noviprojekat.gemmaxgradnja.com\/wp-content\/uploads\/2025\/07\/pupinova-palata-002_result.webp\" data-elementor-open-lightbox=\"yes\" data-elementor-lightbox-slideshow=\"df9dd0b\" data-elementor-lightbox-title=\"pupinova-palata-002_result\" data-e-action-hash=\"#elementor-action%3Aaction%3Dlightbox%26settings%3DeyJpZCI6NjEwLCJ1cmwiOiJodHRwczpcL1wvbm92aXByb2pla2F0LmdlbW1heGdyYWRuamEuY29tXC93cC1jb250ZW50XC91cGxvYWRzXC8yMDI1XC8wN1wvcHVwaW5vdmEtcGFsYXRhLTAwMl9yZXN1bHQud2VicCIsInNsaWRlc2hvdyI6ImRmOWRkMGIifQ%3D%3D\">\n\t\t\t\t\t<div class=\"e-gallery-image elementor-gallery-item__image\" data-thumbnail=\"https:\/\/noviprojekat.gemmaxgradnja.com\/wp-content\/uploads\/2025\/07\/pupinova-palata-002_result-300x225.webp\" data-width=\"300\" data-height=\"225\" aria-label=\"\" role=\"img\" ><\/div>\n\t\t\t\t\t\t\t\t\t\t\t<div class=\"elementor-gallery-item__overlay\"><\/div>\n\t\t\t\t\t\t\t\t\t\t\t\t\t\t<\/a>\n\t\t\t\t\t\t\t<a class=\"e-gallery-item elementor-gallery-item elementor-animated-content\" href=\"https:\/\/noviprojekat.gemmaxgradnja.com\/wp-content\/uploads\/2025\/07\/pupinova-palata-003_result.webp\" data-elementor-open-lightbox=\"yes\" data-elementor-lightbox-slideshow=\"df9dd0b\" data-elementor-lightbox-title=\"pupinova-palata-003_result\" data-e-action-hash=\"#elementor-action%3Aaction%3Dlightbox%26settings%3DeyJpZCI6NjExLCJ1cmwiOiJodHRwczpcL1wvbm92aXByb2pla2F0LmdlbW1heGdyYWRuamEuY29tXC93cC1jb250ZW50XC91cGxvYWRzXC8yMDI1XC8wN1wvcHVwaW5vdmEtcGFsYXRhLTAwM19yZXN1bHQud2VicCIsInNsaWRlc2hvdyI6ImRmOWRkMGIifQ%3D%3D\">\n\t\t\t\t\t<div class=\"e-gallery-image elementor-gallery-item__image\" data-thumbnail=\"https:\/\/noviprojekat.gemmaxgradnja.com\/wp-content\/uploads\/2025\/07\/pupinova-palata-003_result-300x225.webp\" data-width=\"300\" data-height=\"225\" aria-label=\"\" role=\"img\" ><\/div>\n\t\t\t\t\t\t\t\t\t\t\t<div class=\"elementor-gallery-item__overlay\"><\/div>\n\t\t\t\t\t\t\t\t\t\t\t\t\t\t<\/a>\n\t\t\t\t\t\t\t<a class=\"e-gallery-item elementor-gallery-item elementor-animated-content\" href=\"https:\/\/noviprojekat.gemmaxgradnja.com\/wp-content\/uploads\/2025\/07\/pupinova-palata-004_result.webp\" data-elementor-open-lightbox=\"yes\" data-elementor-lightbox-slideshow=\"df9dd0b\" data-elementor-lightbox-title=\"pupinova-palata-004_result\" data-e-action-hash=\"#elementor-action%3Aaction%3Dlightbox%26settings%3DeyJpZCI6NjEyLCJ1cmwiOiJodHRwczpcL1wvbm92aXByb2pla2F0LmdlbW1heGdyYWRuamEuY29tXC93cC1jb250ZW50XC91cGxvYWRzXC8yMDI1XC8wN1wvcHVwaW5vdmEtcGFsYXRhLTAwNF9yZXN1bHQud2VicCIsInNsaWRlc2hvdyI6ImRmOWRkMGIifQ%3D%3D\">\n\t\t\t\t\t<div class=\"e-gallery-image elementor-gallery-item__image\" data-thumbnail=\"https:\/\/noviprojekat.gemmaxgradnja.com\/wp-content\/uploads\/2025\/07\/pupinova-palata-004_result-300x225.webp\" data-width=\"300\" data-height=\"225\" aria-label=\"\" role=\"img\" ><\/div>\n\t\t\t\t\t\t\t\t\t\t\t<div class=\"elementor-gallery-item__overlay\"><\/div>\n\t\t\t\t\t\t\t\t\t\t\t\t\t\t<\/a>\n\t\t\t\t\t\t\t<a class=\"e-gallery-item elementor-gallery-item elementor-animated-content\" href=\"https:\/\/noviprojekat.gemmaxgradnja.com\/wp-content\/uploads\/2025\/07\/pupinova-palata-005_result.webp\" data-elementor-open-lightbox=\"yes\" data-elementor-lightbox-slideshow=\"df9dd0b\" data-elementor-lightbox-title=\"pupinova-palata-005_result\" data-e-action-hash=\"#elementor-action%3Aaction%3Dlightbox%26settings%3DeyJpZCI6NjEzLCJ1cmwiOiJodHRwczpcL1wvbm92aXByb2pla2F0LmdlbW1heGdyYWRuamEuY29tXC93cC1jb250ZW50XC91cGxvYWRzXC8yMDI1XC8wN1wvcHVwaW5vdmEtcGFsYXRhLTAwNV9yZXN1bHQud2VicCIsInNsaWRlc2hvdyI6ImRmOWRkMGIifQ%3D%3D\">\n\t\t\t\t\t<div class=\"e-gallery-image elementor-gallery-item__image\" data-thumbnail=\"https:\/\/noviprojekat.gemmaxgradnja.com\/wp-content\/uploads\/2025\/07\/pupinova-palata-005_result-300x225.webp\" data-width=\"300\" data-height=\"225\" aria-label=\"\" role=\"img\" ><\/div>\n\t\t\t\t\t\t\t\t\t\t\t<div class=\"elementor-gallery-item__overlay\"><\/div>\n\t\t\t\t\t\t\t\t\t\t\t\t\t\t<\/a>\n\t\t\t\t\t\t\t<a class=\"e-gallery-item elementor-gallery-item elementor-animated-content\" href=\"https:\/\/noviprojekat.gemmaxgradnja.com\/wp-content\/uploads\/2025\/07\/pupinova-palata-006_result.webp\" data-elementor-open-lightbox=\"yes\" data-elementor-lightbox-slideshow=\"df9dd0b\" data-elementor-lightbox-title=\"pupinova-palata-006_result\" data-e-action-hash=\"#elementor-action%3Aaction%3Dlightbox%26settings%3DeyJpZCI6NjE0LCJ1cmwiOiJodHRwczpcL1wvbm92aXByb2pla2F0LmdlbW1heGdyYWRuamEuY29tXC93cC1jb250ZW50XC91cGxvYWRzXC8yMDI1XC8wN1wvcHVwaW5vdmEtcGFsYXRhLTAwNl9yZXN1bHQud2VicCIsInNsaWRlc2hvdyI6ImRmOWRkMGIifQ%3D%3D\">\n\t\t\t\t\t<div class=\"e-gallery-image elementor-gallery-item__image\" data-thumbnail=\"https:\/\/noviprojekat.gemmaxgradnja.com\/wp-content\/uploads\/2025\/07\/pupinova-palata-006_result-300x225.webp\" data-width=\"300\" data-height=\"225\" aria-label=\"\" role=\"img\" ><\/div>\n\t\t\t\t\t\t\t\t\t\t\t<div class=\"elementor-gallery-item__overlay\"><\/div>\n\t\t\t\t\t\t\t\t\t\t\t\t\t\t<\/a>\n\t\t\t\t\t\t\t<a class=\"e-gallery-item elementor-gallery-item elementor-animated-content\" href=\"https:\/\/noviprojekat.gemmaxgradnja.com\/wp-content\/uploads\/2025\/07\/pupinova-palata-007-1_result.webp\" data-elementor-open-lightbox=\"yes\" data-elementor-lightbox-slideshow=\"df9dd0b\" data-elementor-lightbox-title=\"pupinova-palata-007 (1)_result\" data-e-action-hash=\"#elementor-action%3Aaction%3Dlightbox%26settings%3DeyJpZCI6NjE1LCJ1cmwiOiJodHRwczpcL1wvbm92aXByb2pla2F0LmdlbW1heGdyYWRuamEuY29tXC93cC1jb250ZW50XC91cGxvYWRzXC8yMDI1XC8wN1wvcHVwaW5vdmEtcGFsYXRhLTAwNy0xX3Jlc3VsdC53ZWJwIiwic2xpZGVzaG93IjoiZGY5ZGQwYiJ9\">\n\t\t\t\t\t<div class=\"e-gallery-image elementor-gallery-item__image\" data-thumbnail=\"https:\/\/noviprojekat.gemmaxgradnja.com\/wp-content\/uploads\/2025\/07\/pupinova-palata-007-1_result-300x225.webp\" data-width=\"300\" data-height=\"225\" aria-label=\"\" role=\"img\" ><\/div>\n\t\t\t\t\t\t\t\t\t\t\t<div class=\"elementor-gallery-item__overlay\"><\/div>\n\t\t\t\t\t\t\t\t\t\t\t\t\t\t<\/a>\n\t\t\t\t\t\t\t<a class=\"e-gallery-item elementor-gallery-item elementor-animated-content\" href=\"https:\/\/noviprojekat.gemmaxgradnja.com\/wp-content\/uploads\/2025\/07\/pupinova-palata-008_result.webp\" data-elementor-open-lightbox=\"yes\" data-elementor-lightbox-slideshow=\"df9dd0b\" data-elementor-lightbox-title=\"pupinova-palata-008_result\" data-e-action-hash=\"#elementor-action%3Aaction%3Dlightbox%26settings%3DeyJpZCI6NjE2LCJ1cmwiOiJodHRwczpcL1wvbm92aXByb2pla2F0LmdlbW1heGdyYWRuamEuY29tXC93cC1jb250ZW50XC91cGxvYWRzXC8yMDI1XC8wN1wvcHVwaW5vdmEtcGFsYXRhLTAwOF9yZXN1bHQud2VicCIsInNsaWRlc2hvdyI6ImRmOWRkMGIifQ%3D%3D\">\n\t\t\t\t\t<div class=\"e-gallery-image elementor-gallery-item__image\" data-thumbnail=\"https:\/\/noviprojekat.gemmaxgradnja.com\/wp-content\/uploads\/2025\/07\/pupinova-palata-008_result-300x225.webp\" data-width=\"300\" data-height=\"225\" aria-label=\"\" role=\"img\" ><\/div>\n\t\t\t\t\t\t\t\t\t\t\t<div class=\"elementor-gallery-item__overlay\"><\/div>\n\t\t\t\t\t\t\t\t\t\t\t\t\t\t<\/a>\n\t\t\t\t\t\t\t<a class=\"e-gallery-item elementor-gallery-item elementor-animated-content\" href=\"https:\/\/noviprojekat.gemmaxgradnja.com\/wp-content\/uploads\/2025\/07\/pupinova-palata-009_result.webp\" data-elementor-open-lightbox=\"yes\" data-elementor-lightbox-slideshow=\"df9dd0b\" data-elementor-lightbox-title=\"pupinova-palata-009_result\" data-e-action-hash=\"#elementor-action%3Aaction%3Dlightbox%26settings%3DeyJpZCI6NjE3LCJ1cmwiOiJodHRwczpcL1wvbm92aXByb2pla2F0LmdlbW1heGdyYWRuamEuY29tXC93cC1jb250ZW50XC91cGxvYWRzXC8yMDI1XC8wN1wvcHVwaW5vdmEtcGFsYXRhLTAwOV9yZXN1bHQud2VicCIsInNsaWRlc2hvdyI6ImRmOWRkMGIifQ%3D%3D\">\n\t\t\t\t\t<div class=\"e-gallery-image elementor-gallery-item__image\" data-thumbnail=\"https:\/\/noviprojekat.gemmaxgradnja.com\/wp-content\/uploads\/2025\/07\/pupinova-palata-009_result-300x225.webp\" data-width=\"300\" data-height=\"225\" aria-label=\"\" role=\"img\" ><\/div>\n\t\t\t\t\t\t\t\t\t\t\t<div class=\"elementor-gallery-item__overlay\"><\/div>\n\t\t\t\t\t\t\t\t\t\t\t\t\t\t<\/a>\n\t\t\t\t\t\t\t<a class=\"e-gallery-item elementor-gallery-item elementor-animated-content\" href=\"https:\/\/noviprojekat.gemmaxgradnja.com\/wp-content\/uploads\/2025\/07\/pupinova-palata-010_result.webp\" data-elementor-open-lightbox=\"yes\" data-elementor-lightbox-slideshow=\"df9dd0b\" data-elementor-lightbox-title=\"pupinova-palata-010_result\" data-e-action-hash=\"#elementor-action%3Aaction%3Dlightbox%26settings%3DeyJpZCI6NjE4LCJ1cmwiOiJodHRwczpcL1wvbm92aXByb2pla2F0LmdlbW1heGdyYWRuamEuY29tXC93cC1jb250ZW50XC91cGxvYWRzXC8yMDI1XC8wN1wvcHVwaW5vdmEtcGFsYXRhLTAxMF9yZXN1bHQud2VicCIsInNsaWRlc2hvdyI6ImRmOWRkMGIifQ%3D%3D\">\n\t\t\t\t\t<div class=\"e-gallery-image elementor-gallery-item__image\" data-thumbnail=\"https:\/\/noviprojekat.gemmaxgradnja.com\/wp-content\/uploads\/2025\/07\/pupinova-palata-010_result-300x225.webp\" data-width=\"300\" data-height=\"225\" aria-label=\"\" role=\"img\" ><\/div>\n\t\t\t\t\t\t\t\t\t\t\t<div class=\"elementor-gallery-item__overlay\"><\/div>\n\t\t\t\t\t\t\t\t\t\t\t\t\t\t<\/a>\n\t\t\t\t\t\t\t<a class=\"e-gallery-item elementor-gallery-item elementor-animated-content\" href=\"https:\/\/noviprojekat.gemmaxgradnja.com\/wp-content\/uploads\/2025\/07\/pupinova-palata-011_result.webp\" data-elementor-open-lightbox=\"yes\" data-elementor-lightbox-slideshow=\"df9dd0b\" data-elementor-lightbox-title=\"pupinova-palata-011_result\" data-e-action-hash=\"#elementor-action%3Aaction%3Dlightbox%26settings%3DeyJpZCI6NjE5LCJ1cmwiOiJodHRwczpcL1wvbm92aXByb2pla2F0LmdlbW1heGdyYWRuamEuY29tXC93cC1jb250ZW50XC91cGxvYWRzXC8yMDI1XC8wN1wvcHVwaW5vdmEtcGFsYXRhLTAxMV9yZXN1bHQud2VicCIsInNsaWRlc2hvdyI6ImRmOWRkMGIifQ%3D%3D\">\n\t\t\t\t\t<div class=\"e-gallery-image elementor-gallery-item__image\" data-thumbnail=\"https:\/\/noviprojekat.gemmaxgradnja.com\/wp-content\/uploads\/2025\/07\/pupinova-palata-011_result-300x225.webp\" data-width=\"300\" data-height=\"225\" aria-label=\"\" role=\"img\" ><\/div>\n\t\t\t\t\t\t\t\t\t\t\t<div class=\"elementor-gallery-item__overlay\"><\/div>\n\t\t\t\t\t\t\t\t\t\t\t\t\t\t<\/a>\n\t\t\t\t\t\t\t<a class=\"e-gallery-item elementor-gallery-item elementor-animated-content\" href=\"https:\/\/noviprojekat.gemmaxgradnja.com\/wp-content\/uploads\/2025\/07\/pupinova-palata-012_result.webp\" data-elementor-open-lightbox=\"yes\" data-elementor-lightbox-slideshow=\"df9dd0b\" data-elementor-lightbox-title=\"pupinova-palata-012_result\" data-e-action-hash=\"#elementor-action%3Aaction%3Dlightbox%26settings%3DeyJpZCI6NjIwLCJ1cmwiOiJodHRwczpcL1wvbm92aXByb2pla2F0LmdlbW1heGdyYWRuamEuY29tXC93cC1jb250ZW50XC91cGxvYWRzXC8yMDI1XC8wN1wvcHVwaW5vdmEtcGFsYXRhLTAxMl9yZXN1bHQud2VicCIsInNsaWRlc2hvdyI6ImRmOWRkMGIifQ%3D%3D\">\n\t\t\t\t\t<div class=\"e-gallery-image elementor-gallery-item__image\" data-thumbnail=\"https:\/\/noviprojekat.gemmaxgradnja.com\/wp-content\/uploads\/2025\/07\/pupinova-palata-012_result-300x225.webp\" data-width=\"300\" data-height=\"225\" aria-label=\"\" role=\"img\" ><\/div>\n\t\t\t\t\t\t\t\t\t\t\t<div class=\"elementor-gallery-item__overlay\"><\/div>\n\t\t\t\t\t\t\t\t\t\t\t\t\t\t<\/a>\n\t\t\t\t\t\t\t<a class=\"e-gallery-item elementor-gallery-item elementor-animated-content\" href=\"https:\/\/noviprojekat.gemmaxgradnja.com\/wp-content\/uploads\/2025\/07\/pupinova-palata-013_result.webp\" data-elementor-open-lightbox=\"yes\" data-elementor-lightbox-slideshow=\"df9dd0b\" data-elementor-lightbox-title=\"pupinova-palata-013_result\" data-e-action-hash=\"#elementor-action%3Aaction%3Dlightbox%26settings%3DeyJpZCI6NjIxLCJ1cmwiOiJodHRwczpcL1wvbm92aXByb2pla2F0LmdlbW1heGdyYWRuamEuY29tXC93cC1jb250ZW50XC91cGxvYWRzXC8yMDI1XC8wN1wvcHVwaW5vdmEtcGFsYXRhLTAxM19yZXN1bHQud2VicCIsInNsaWRlc2hvdyI6ImRmOWRkMGIifQ%3D%3D\">\n\t\t\t\t\t<div class=\"e-gallery-image elementor-gallery-item__image\" data-thumbnail=\"https:\/\/noviprojekat.gemmaxgradnja.com\/wp-content\/uploads\/2025\/07\/pupinova-palata-013_result-300x225.webp\" data-width=\"300\" data-height=\"225\" aria-label=\"\" role=\"img\" ><\/div>\n\t\t\t\t\t\t\t\t\t\t\t<div class=\"elementor-gallery-item__overlay\"><\/div>\n\t\t\t\t\t\t\t\t\t\t\t\t\t\t<\/a>\n\t\t\t\t\t\t\t<a class=\"e-gallery-item elementor-gallery-item elementor-animated-content\" href=\"https:\/\/noviprojekat.gemmaxgradnja.com\/wp-content\/uploads\/2025\/07\/pupinova-palata-014_result.webp\" data-elementor-open-lightbox=\"yes\" data-elementor-lightbox-slideshow=\"df9dd0b\" data-elementor-lightbox-title=\"pupinova-palata-014_result\" data-e-action-hash=\"#elementor-action%3Aaction%3Dlightbox%26settings%3DeyJpZCI6NjIyLCJ1cmwiOiJodHRwczpcL1wvbm92aXByb2pla2F0LmdlbW1heGdyYWRuamEuY29tXC93cC1jb250ZW50XC91cGxvYWRzXC8yMDI1XC8wN1wvcHVwaW5vdmEtcGFsYXRhLTAxNF9yZXN1bHQud2VicCIsInNsaWRlc2hvdyI6ImRmOWRkMGIifQ%3D%3D\">\n\t\t\t\t\t<div class=\"e-gallery-image elementor-gallery-item__image\" data-thumbnail=\"https:\/\/noviprojekat.gemmaxgradnja.com\/wp-content\/uploads\/2025\/07\/pupinova-palata-014_result-300x225.webp\" data-width=\"300\" data-height=\"225\" aria-label=\"\" role=\"img\" ><\/div>\n\t\t\t\t\t\t\t\t\t\t\t<div class=\"elementor-gallery-item__overlay\"><\/div>\n\t\t\t\t\t\t\t\t\t\t\t\t\t\t<\/a>\n\t\t\t\t\t\t\t<a class=\"e-gallery-item elementor-gallery-item elementor-animated-content\" href=\"https:\/\/noviprojekat.gemmaxgradnja.com\/wp-content\/uploads\/2025\/07\/pupinova-palata-015_result.webp\" data-elementor-open-lightbox=\"yes\" data-elementor-lightbox-slideshow=\"df9dd0b\" data-elementor-lightbox-title=\"pupinova-palata-015_result\" data-e-action-hash=\"#elementor-action%3Aaction%3Dlightbox%26settings%3DeyJpZCI6NjIzLCJ1cmwiOiJodHRwczpcL1wvbm92aXByb2pla2F0LmdlbW1heGdyYWRuamEuY29tXC93cC1jb250ZW50XC91cGxvYWRzXC8yMDI1XC8wN1wvcHVwaW5vdmEtcGFsYXRhLTAxNV9yZXN1bHQud2VicCIsInNsaWRlc2hvdyI6ImRmOWRkMGIifQ%3D%3D\">\n\t\t\t\t\t<div class=\"e-gallery-image elementor-gallery-item__image\" data-thumbnail=\"https:\/\/noviprojekat.gemmaxgradnja.com\/wp-content\/uploads\/2025\/07\/pupinova-palata-015_result-300x225.webp\" data-width=\"300\" data-height=\"225\" aria-label=\"\" role=\"img\" ><\/div>\n\t\t\t\t\t\t\t\t\t\t\t<div class=\"elementor-gallery-item__overlay\"><\/div>\n\t\t\t\t\t\t\t\t\t\t\t\t\t\t<\/a>\n\t\t\t\t\t\t\t<a class=\"e-gallery-item elementor-gallery-item elementor-animated-content\" href=\"https:\/\/noviprojekat.gemmaxgradnja.com\/wp-content\/uploads\/2025\/07\/pupinova-palata-016_result.webp\" data-elementor-open-lightbox=\"yes\" data-elementor-lightbox-slideshow=\"df9dd0b\" data-elementor-lightbox-title=\"pupinova-palata-016_result\" data-e-action-hash=\"#elementor-action%3Aaction%3Dlightbox%26settings%3DeyJpZCI6NjI0LCJ1cmwiOiJodHRwczpcL1wvbm92aXByb2pla2F0LmdlbW1heGdyYWRuamEuY29tXC93cC1jb250ZW50XC91cGxvYWRzXC8yMDI1XC8wN1wvcHVwaW5vdmEtcGFsYXRhLTAxNl9yZXN1bHQud2VicCIsInNsaWRlc2hvdyI6ImRmOWRkMGIifQ%3D%3D\">\n\t\t\t\t\t<div class=\"e-gallery-image elementor-gallery-item__image\" data-thumbnail=\"https:\/\/noviprojekat.gemmaxgradnja.com\/wp-content\/uploads\/2025\/07\/pupinova-palata-016_result-300x225.webp\" data-width=\"300\" data-height=\"225\" aria-label=\"\" role=\"img\" ><\/div>\n\t\t\t\t\t\t\t\t\t\t\t<div class=\"elementor-gallery-item__overlay\"><\/div>\n\t\t\t\t\t\t\t\t\t\t\t\t\t\t<\/a>\n\t\t\t\t\t<\/div>\n\t\t\t\t\t<\/div>\n\t\t\t\t<\/div>\n\t\t\t\t\t<\/div>\n\t\t\t\t<\/div>\n\t\t\t\t<\/div>\n\t\t","protected":false},"excerpt":{"rendered":"<p>PUPINOVA PALATA Izvo\u0111enje radova na Pupinovoj palati Na objektu Pupinove palate, jednom od najreprezentativnijih i najmodernijih poslovno-stambenih kompleksa u Novom Sadu, izvedeni su radovi koji podrazumevaju visok nivo tehni\u010dke preciznosti, organizacije i kvaliteta. Na\u0161a firma je bila anga\u017eovana na slede\u0107im fazama radova: Pripremni i zemljani radovi: iskopi, nivelacija i priprema terena u skladu sa tehni\u010dkom [&hellip;]<\/p>\n","protected":false},"author":1,"featured_media":0,"parent":0,"menu_order":0,"comment_status":"closed","ping_status":"closed","template":"","meta":{"footnotes":""},"class_list":["post-606","page","type-page","status-publish","hentry"],"_links":{"self":[{"href":"https:\/\/noviprojekat.gemmaxgradnja.com\/index.php\/wp-json\/wp\/v2\/pages\/606","targetHints":{"allow":["GET"]}}],"collection":[{"href":"https:\/\/noviprojekat.gemmaxgradnja.com\/index.php\/wp-json\/wp\/v2\/pages"}],"about":[{"href":"https:\/\/noviprojekat.gemmaxgradnja.com\/index.php\/wp-json\/wp\/v2\/types\/page"}],"author":[{"embeddable":true,"href":"https:\/\/noviprojekat.gemmaxgradnja.com\/index.php\/wp-json\/wp\/v2\/users\/1"}],"replies":[{"embeddable":true,"href":"https:\/\/noviprojekat.gemmaxgradnja.com\/index.php\/wp-json\/wp\/v2\/comments?post=606"}],"version-history":[{"count":4,"href":"https:\/\/noviprojekat.gemmaxgradnja.com\/index.php\/wp-json\/wp\/v2\/pages\/606\/revisions"}],"predecessor-version":[{"id":627,"href":"https:\/\/noviprojekat.gemmaxgradnja.com\/index.php\/wp-json\/wp\/v2\/pages\/606\/revisions\/627"}],"wp:attachment":[{"href":"https:\/\/noviprojekat.gemmaxgradnja.com\/index.php\/wp-json\/wp\/v2\/media?parent=606"}],"curies":[{"name":"wp","href":"https:\/\/api.w.org\/{rel}","templated":true}]}}