{"id":320,"date":"2025-07-02T12:01:59","date_gmt":"2025-07-02T12:01:59","guid":{"rendered":"https:\/\/noviprojekat.gemmaxgradnja.com\/?page_id=320"},"modified":"2025-07-07T07:59:37","modified_gmt":"2025-07-07T07:59:37","slug":"najam-autodizalica-telehendera-korpi","status":"publish","type":"page","link":"https:\/\/noviprojekat.gemmaxgradnja.com\/index.php\/najam-autodizalica-telehendera-korpi\/","title":{"rendered":"Najam Autodizalica &#8211; Telehendera &#8211; Korpi"},"content":{"rendered":"\t\t<div data-elementor-type=\"wp-page\" data-elementor-id=\"320\" class=\"elementor elementor-320\" data-elementor-post-type=\"page\">\n\t\t\t\t<div class=\"elementor-element elementor-element-cfd8884 e-flex e-con-boxed e-con e-parent\" data-id=\"cfd8884\" data-element_type=\"container\" data-settings=\"{&quot;background_background&quot;:&quot;classic&quot;}\">\n\t\t\t\t\t<div class=\"e-con-inner\">\n\t\t\t\t<div class=\"elementor-element elementor-element-69b44d5 elementor-widget elementor-widget-heading\" data-id=\"69b44d5\" data-element_type=\"widget\" data-widget_type=\"heading.default\">\n\t\t\t\t<div class=\"elementor-widget-container\">\n\t\t\t\t\t<h2 class=\"elementor-heading-title elementor-size-default\">IZNAJMLJIVANJE AUTODIZALICA, <BR>TELEHENDERA I KORPI\n<\/h2>\t\t\t\t<\/div>\n\t\t\t\t<\/div>\n\t\t\t\t\t<\/div>\n\t\t\t\t<\/div>\n\t\t<div class=\"elementor-element elementor-element-10e3c0c e-flex e-con-boxed e-con e-parent\" data-id=\"10e3c0c\" data-element_type=\"container\">\n\t\t\t\t\t<div class=\"e-con-inner\">\n\t\t\t\t<div class=\"elementor-element elementor-element-c0ce88c elementor-widget elementor-widget-text-editor\" data-id=\"c0ce88c\" data-element_type=\"widget\" data-widget_type=\"text-editor.default\">\n\t\t\t\t<div class=\"elementor-widget-container\">\n\t\t\t\t\t\t\t\t\t<p>Gemmax Gradnja nudi iznajmljivanje autodizalica velikog kapaciteta od 5 t do 150 tona. Takodje iznajmljuje korpe i platforme za rad na visini od 5 m do 23 m. Kroz usluge pru\u017eamo najbolja re\u0161enja za postupanje i manipulaciju tereta sa industrijskom opremom za podizanje, istovar, utovar, pomeranje, monta\u017eu i demonta\u017eu tereta.<br \/>Dugogodi\u0161njim iskustvom i savremenim autodizalicama postigli smo kontinuirani napredak, usvojili nove tehnologije, usavr\u0161ili stru\u010dni kadar, zbog \u010dega smatramo sebe odli\u010dnim i pouzdanim saradnikom.<br \/>Pri odabiru zaposlenih, preduze\u0107e zapo\u0161ljava kvalitetno osoblje koje vr\u0161i ugovaranje, pripremu i izvr\u0161enje poslova. Pored toga \u0161to nam je va\u017eno da imamo odli\u010dnu opremu i autodizalice, telehendere, kamione sa rukom, korpe i platforme za rad na visi. Mo\u017eemo se pohvaliti i na\u0161im operaterima koji imaju iskustvo u izgradnji monta\u017ei i demonta\u017ei mostova, hala i mnogo specifi\u010dnih radova.<\/p><p>Opremljeni smo autodizalicama od 60t, 80t, 110t i 150t. Takodje opremljeni smo sa kamiona sa rukom do duzine 30 m koji se lomi na sredinu i mogu\u0107e je teret uvu\u0107i u prostorije do 10 metara na bilo kojoj visini. U mogu\u0107nosti smo da podi\u017eemo sve terete u visini od 80 metara i du\u017eine do 80 metara. Modeli dizalica kojima smo opremljeni su:\u00a0<strong>Liebherr LTM 1150-5.2 Faun ATF110g-5, Terex AC 80t, Terex TC 60L, Mercedes Fassi F485 RA i dzipom L214, Man 4\u00d74 Palfinger PK 8501- K A 10,5 metara dohvat ruke<\/strong>.<\/p><p>Na prvom mestu su nam kvalitet, stru\u010dnost i mere za\u0161tite na radu, \u0161to potvr\u0111uju i mnogobrojni zadovoljni klijenti.<br \/>Sve na\u0161e dizalice su atestirane, kao i sva osnovna sredstva za rad.<\/p>\t\t\t\t\t\t\t\t<\/div>\n\t\t\t\t<\/div>\n\t\t\t\t\t<\/div>\n\t\t\t\t<\/div>\n\t\t<div class=\"elementor-element elementor-element-805d59c e-flex e-con-boxed e-con e-parent\" data-id=\"805d59c\" data-element_type=\"container\">\n\t\t\t\t\t<div class=\"e-con-inner\">\n\t\t\t\t<div class=\"elementor-element elementor-element-4723a84 elementor-widget elementor-widget-html\" data-id=\"4723a84\" data-element_type=\"widget\" data-widget_type=\"html.default\">\n\t\t\t\t<div class=\"elementor-widget-container\">\n\t\t\t\t\t<style>\r\n  .machine-table {\r\n    font-family: 'Roboto', sans-serif;\r\n    background-color: #0F0F0F;\r\n    padding: 20px 10px;\r\n    border-radius: 16px;\r\n    color: white;\r\n    max-width: 100%;\r\n    margin: auto;\r\n  }\r\n\r\n  .machine-title {\r\n    font-size: 24px;\r\n    font-weight: bold;\r\n    border-bottom: 2px solid #1AFF9A;\r\n    padding-bottom: 6px;\r\n    margin-bottom: 15px;\r\n    color: #1AFF9A;\r\n    text-align: center;\r\n  }\r\n\r\n  .machine-row {\r\n    display: flex;\r\n    flex-direction: column;\r\n    align-items: center;\r\n    background-color: #1A1A1A;\r\n    border: 1px solid #333;\r\n    border-radius: 12px;\r\n    padding: 12px;\r\n    margin-bottom: 16px;\r\n  }\r\n\r\n  .machine-image img {\r\n    width: 100%;\r\n    max-width: 500px;\r\n    border-radius: 10px;\r\n    display: block;\r\n  }\r\n\r\n  .machine-info {\r\n    text-align: center;\r\n    margin-top: 8px;\r\n    line-height: 1.4;\r\n  }\r\n\r\n  .machine-info h3 {\r\n    font-size: 16px;\r\n    margin: 6px 0 2px 0;\r\n  }\r\n\r\n  .machine-info a {\r\n    color: #1AFF9A;\r\n    font-size: 13.5px;\r\n    font-weight: 500;\r\n    text-decoration: underline;\r\n  }\r\n\r\n  @media (min-width: 768px) {\r\n    .machine-row {\r\n      flex-direction: row;\r\n      justify-content: center;\r\n      align-items: center;\r\n      gap: 20px;\r\n      text-align: left;\r\n    }\r\n\r\n    .machine-image {\r\n      flex: 1 1 320px;\r\n      max-width: 340px;\r\n    }\r\n\r\n    .machine-image img {\r\n      height: 200px;\r\n      object-fit: cover;\r\n      border-radius: 10px;\r\n    }\r\n\r\n    .machine-info {\r\n      flex: 2 1 400px;\r\n      margin-top: 0;\r\n      text-align: left;\r\n    }\r\n\r\n    .machine-info h3 {\r\n      font-size: 18px;\r\n    }\r\n\r\n    .machine-info a {\r\n      font-size: 14px;\r\n    }\r\n  }\r\n<\/style>\r\n\r\n<div class=\"machine-table\">\r\n  <div class=\"machine-title\">AUTO DIZALICE<\/div>\r\n\r\n  <div class=\"machine-row\">\r\n    <div class=\"machine-image\">\r\n      <img decoding=\"async\" src=\"https:\/\/noviprojekat.gemmaxgradnja.com\/wp-content\/uploads\/2025\/07\/60t.webp\" alt=\"Terex TC 60\">\r\n    <\/div>\r\n    <div class=\"machine-info\">\r\n      <h3>Terex TC 60 \u2013 autodizalica nosivosti do 60t<\/h3>\r\n      <a href=\"https:\/\/cranenetwork.com\/uploads\/specs\/7qoiecwvavvhtjbmterex_tc_60_l_60-ton_truck_crane_network.pdf\" target=\"_blank\">Dijagram - Link za tehni\u010dke podatke i dijagram<\/a>\r\n    <\/div>\r\n  <\/div>\r\n\r\n  <div class=\"machine-row\">\r\n    <div class=\"machine-image\">\r\n      <img decoding=\"async\" src=\"https:\/\/noviprojekat.gemmaxgradnja.com\/wp-content\/uploads\/2025\/07\/80t.webp\" alt=\"Tadano ATF 110G5\">\r\n    <\/div>\r\n    <div class=\"machine-info\">\r\n      <h3>Tadano ATF 110G5 \u2013 autodizalica nosivosti 80t do 110t<\/h3>\r\n      <a href=\"https:\/\/www.tadano.com\/businesses\/products\/upload\/docs\/ATF110G-5_S_G.pdf\" target=\"_blank\">Dijagram - Link za tehni\u010dke podatke i dijagrame<\/a>\r\n    <\/div>\r\n  <\/div>\r\n\r\n  <div class=\"machine-row\">\r\n    <div class=\"machine-image\">\r\n      <img decoding=\"async\" src=\"https:\/\/noviprojekat.gemmaxgradnja.com\/wp-content\/uploads\/2025\/07\/150t.webp\" alt=\"Liebherr LTM1150\">\r\n    <\/div>\r\n    <div class=\"machine-info\">\r\n      <h3>Liebherr LTM1150 \u2013 autodizalica nosivosti do 150t<\/h3>\r\n      <a href=\"https:\/\/cranenetwork.com\/uploads\/specs\/x7g31rohlmdfevc2liebherr_ltm_1150-6.1_mobile_all_terrain_crane_network.pdf\" target=\"_blank\">Dijagram - Link za tehni\u010dke podatke i dijagrame<\/a>\r\n    <\/div>\r\n  <\/div>\r\n<\/div>\r\n\t\t\t\t<\/div>\n\t\t\t\t<\/div>\n\t\t\t\t<div class=\"elementor-element elementor-element-599a66e elementor-widget elementor-widget-html\" data-id=\"599a66e\" data-element_type=\"widget\" data-widget_type=\"html.default\">\n\t\t\t\t<div class=\"elementor-widget-container\">\n\t\t\t\t\t<style>\r\n  .machine-table {\r\n    font-family: 'Roboto', sans-serif;\r\n    background-color: #0F0F0F;\r\n    padding: 20px 10px;\r\n    border-radius: 16px;\r\n    color: white;\r\n    max-width: 100%;\r\n    margin: auto;\r\n  }\r\n\r\n  .machine-title {\r\n    font-size: 24px;\r\n    font-weight: bold;\r\n    border-bottom: 2px solid #1AFF9A;\r\n    padding-bottom: 6px;\r\n    margin-bottom: 15px;\r\n    color: #1AFF9A;\r\n    text-align: center;\r\n  }\r\n\r\n  .machine-row {\r\n    display: flex;\r\n    flex-direction: column;\r\n    align-items: center;\r\n    background-color: #1A1A1A;\r\n    border: 1px solid #333;\r\n    border-radius: 12px;\r\n    padding: 12px;\r\n    margin-bottom: 16px;\r\n  }\r\n\r\n  .machine-image img {\r\n    width: 100%;\r\n    max-width: 500px;\r\n    border-radius: 10px;\r\n    display: block;\r\n  }\r\n\r\n  .machine-info {\r\n    text-align: center;\r\n    margin-top: 8px;\r\n    line-height: 1.4;\r\n  }\r\n\r\n  .machine-info h3 {\r\n    font-size: 16px;\r\n    margin: 6px 0 2px 0;\r\n  }\r\n\r\n  .machine-info a {\r\n    color: #1AFF9A;\r\n    font-size: 13.5px;\r\n    font-weight: 500;\r\n    text-decoration: underline;\r\n  }\r\n\r\n  @media (min-width: 768px) {\r\n    .machine-row {\r\n      flex-direction: row;\r\n      justify-content: center;\r\n      align-items: center;\r\n      gap: 20px;\r\n      text-align: left;\r\n    }\r\n\r\n    .machine-image {\r\n      flex: 1 1 320px;\r\n      max-width: 340px;\r\n    }\r\n\r\n    .machine-image img {\r\n      height: 200px;\r\n      object-fit: cover;\r\n      border-radius: 10px;\r\n    }\r\n\r\n    .machine-info {\r\n      flex: 2 1 400px;\r\n      margin-top: 0;\r\n      text-align: left;\r\n    }\r\n\r\n    .machine-info h3 {\r\n      font-size: 18px;\r\n    }\r\n\r\n    .machine-info a {\r\n      font-size: 14px;\r\n    }\r\n  }\r\n<\/style>\r\n\r\n<div class=\"machine-table\">\r\n  <div class=\"machine-title\">TELEHENDER<\/div>\r\n\r\n  <div class=\"machine-row\">\r\n    <div class=\"machine-image\">\r\n      <img decoding=\"async\" src=\"https:\/\/noviprojekat.gemmaxgradnja.com\/wp-content\/uploads\/2025\/07\/telehender-5t-e1736940331959.webp\" alt=\"Magni RTH 5.25\">\r\n    <\/div>\r\n    <div class=\"machine-info\">\r\n      <h3>Magni RTH 5.25 \u2013 telehender nosivosti do 5.5t, do 25m visine sa dodatnim vilama, vitlom i korpom<\/h3>\r\n      <a href=\"https:\/\/www.hiresafesolutions.com\/wp-content\/uploads\/2021\/09\/Magni-RTH-5.25SH.pdf\" target=\"_blank\">Dijagram - Link za tehni\u010dke podatke i dijagrame<\/a>\r\n    <\/div>\r\n  <\/div>\r\n<\/div>\t\t\t\t<\/div>\n\t\t\t\t<\/div>\n\t\t\t\t<div class=\"elementor-element elementor-element-6f0494f elementor-widget elementor-widget-html\" data-id=\"6f0494f\" data-element_type=\"widget\" data-widget_type=\"html.default\">\n\t\t\t\t<div class=\"elementor-widget-container\">\n\t\t\t\t\t<style>\r\n  .machine-table {\r\n    font-family: 'Roboto', sans-serif;\r\n    background-color: #0F0F0F;\r\n    padding: 20px 10px;\r\n    border-radius: 16px;\r\n    color: white;\r\n    max-width: 100%;\r\n    margin: auto;\r\n  }\r\n\r\n  .machine-title {\r\n    font-size: 24px;\r\n    font-weight: bold;\r\n    border-bottom: 2px solid #1AFF9A;\r\n    padding-bottom: 6px;\r\n    margin-bottom: 15px;\r\n    color: #1AFF9A;\r\n    text-align: center;\r\n  }\r\n\r\n  .machine-row {\r\n    display: flex;\r\n    flex-direction: column;\r\n    align-items: center;\r\n    background-color: #1A1A1A;\r\n    border: 1px solid #333;\r\n    border-radius: 12px;\r\n    padding: 12px;\r\n    margin-bottom: 16px;\r\n  }\r\n\r\n  .machine-image img {\r\n    width: 100%;\r\n    max-width: 500px;\r\n    border-radius: 10px;\r\n    display: block;\r\n  }\r\n\r\n  .machine-info {\r\n    text-align: center;\r\n    margin-top: 8px;\r\n    line-height: 1.4;\r\n  }\r\n\r\n  .machine-info h3 {\r\n    font-size: 16px;\r\n    margin: 6px 0 2px 0;\r\n  }\r\n\r\n  .machine-info a {\r\n    color: #1AFF9A;\r\n    font-size: 13.5px;\r\n    font-weight: 500;\r\n    text-decoration: underline;\r\n  }\r\n\r\n  @media (min-width: 768px) {\r\n    .machine-row {\r\n      flex-direction: row;\r\n      justify-content: center;\r\n      align-items: center;\r\n      gap: 20px;\r\n      text-align: left;\r\n    }\r\n\r\n    .machine-image {\r\n      flex: 1 1 320px;\r\n      max-width: 340px;\r\n    }\r\n\r\n    .machine-image img {\r\n      height: 200px;\r\n      object-fit: cover;\r\n      border-radius: 10px;\r\n    }\r\n\r\n    .machine-info {\r\n      flex: 2 1 400px;\r\n      margin-top: 0;\r\n      text-align: left;\r\n    }\r\n\r\n    .machine-info h3 {\r\n      font-size: 18px;\r\n    }\r\n\r\n    .machine-info a {\r\n      font-size: 14px;\r\n    }\r\n  }\r\n<\/style>\r\n\r\n<div class=\"machine-table\">\r\n  <div class=\"machine-title\">KAMIONI SA RUKOM<\/div>\r\n\r\n  <div class=\"machine-row\">\r\n    <div class=\"machine-image\">\r\n      <img decoding=\"async\" src=\"https:\/\/noviprojekat.gemmaxgradnja.com\/wp-content\/uploads\/2025\/07\/kamion-sa-rukom-1.2.webp\" alt=\"Mercedes Actros fassi F485\">\r\n    <\/div>\r\n    <div class=\"machine-info\">\r\n      <h3>Mercedes Actros fassi F485 \u2013 kamion sa kranom nosivosti do 13.5t, dosegom do 29m visine sa opcionom korpom<\/h3>\r\n      <a href=\"https:\/\/www.palfinger.com\/en-au\/products\/loader-cranes\/models\/pk-8501-high-performance_p_684#technischeDaten\" target=\"_blank\">Dijagram - Link za tehni\u010dke podatke i dijagrame<\/a>\r\n    <\/div>\r\n  <\/div>\r\n\r\n  <div class=\"machine-row\">\r\n    <div class=\"machine-image\">\r\n      <img decoding=\"async\" src=\"https:\/\/noviprojekat.gemmaxgradnja.com\/wp-content\/uploads\/2025\/07\/kamion-sa-rukom-2.1.webp\" alt=\"Man 4\u00d74 palfinger PK 8501-KA\">\r\n    <\/div>\r\n    <div class=\"machine-info\">\r\n      <h3>Man 4\u00d74, palfinger PK 8501-KA utovarnom dizalicom \u2013 kamion sa dizalicom nosivosti do 3300 kg<\/h3>\r\n      <a href=\"https:\/\/www.palfinger.com\/en-au\/products\/loader-cranes\/models\/pk-8501-high-performance_p_684#technischeDaten\" target=\"_blank\">Dijagram - Link za tehni\u010dke podatke i dijagrame<\/a>\r\n    <\/div>\r\n  <\/div>\r\n<\/div>\t\t\t\t<\/div>\n\t\t\t\t<\/div>\n\t\t\t\t<div class=\"elementor-element elementor-element-1b320bf elementor-widget elementor-widget-html\" data-id=\"1b320bf\" data-element_type=\"widget\" data-widget_type=\"html.default\">\n\t\t\t\t<div class=\"elementor-widget-container\">\n\t\t\t\t\t<style>\r\n  .machine-table {\r\n    font-family: 'Roboto', sans-serif;\r\n    background-color: #0F0F0F;\r\n    padding: 20px 10px;\r\n    border-radius: 16px;\r\n    color: white;\r\n    max-width: 100%;\r\n    margin: auto;\r\n  }\r\n\r\n  .machine-title {\r\n    font-size: 24px;\r\n    font-weight: bold;\r\n    border-bottom: 2px solid #1AFF9A;\r\n    padding-bottom: 6px;\r\n    margin-bottom: 15px;\r\n    color: #1AFF9A;\r\n    text-align: center;\r\n  }\r\n\r\n  .machine-row {\r\n    display: flex;\r\n    flex-direction: column;\r\n    align-items: center;\r\n    background-color: #1A1A1A;\r\n    border: 1px solid #333;\r\n    border-radius: 12px;\r\n    padding: 12px;\r\n    margin-bottom: 16px;\r\n  }\r\n\r\n  .machine-image img {\r\n    width: 100%;\r\n    max-width: 500px;\r\n    border-radius: 10px;\r\n    display: block;\r\n  }\r\n\r\n  .machine-info {\r\n    text-align: center;\r\n    margin-top: 8px;\r\n    line-height: 1.4;\r\n  }\r\n\r\n  .machine-info h3 {\r\n    font-size: 16px;\r\n    margin: 6px 0 2px 0;\r\n  }\r\n\r\n  .machine-info a {\r\n    color: #1AFF9A;\r\n    font-size: 13.5px;\r\n    font-weight: 500;\r\n    text-decoration: underline;\r\n  }\r\n\r\n  @media (min-width: 768px) {\r\n    .machine-row {\r\n      flex-direction: row;\r\n      justify-content: center;\r\n      align-items: center;\r\n      gap: 20px;\r\n      text-align: left;\r\n    }\r\n\r\n    .machine-image {\r\n      flex: 1 1 320px;\r\n      max-width: 340px;\r\n    }\r\n\r\n    .machine-image img {\r\n      height: 200px;\r\n      object-fit: cover;\r\n      border-radius: 10px;\r\n    }\r\n\r\n    .machine-info {\r\n      flex: 2 1 400px;\r\n      margin-top: 0;\r\n      text-align: left;\r\n    }\r\n\r\n    .machine-info h3 {\r\n      font-size: 18px;\r\n    }\r\n\r\n    .machine-info a {\r\n      font-size: 14px;\r\n    }\r\n  }\r\n<\/style>\r\n\r\n<div class=\"machine-table\">\r\n  <div class=\"machine-title\">KORPE I PLATFORME<\/div>\r\n\r\n  <div class=\"machine-row\">\r\n    <div class=\"machine-image\">\r\n      <img decoding=\"async\" src=\"https:\/\/noviprojekat.gemmaxgradnja.com\/wp-content\/uploads\/2025\/07\/JLG-10E.webp\" alt=\"JLG Toucan 10E\">\r\n    <\/div>\r\n    <div class=\"machine-info\">\r\n      <h3>JLG Toucan 10E \u2013 maksimalan doseg korpe do 10m i nosivosti do 200kg<\/h3>\r\n      <a href=\"https:\/\/www.jlg.com\/en-za\/equipment\/boom-lifts\/toucan-series-mast-boom-lifts\/t10e\" target=\"_blank\">Dijagram - Link za tehni\u010dke podatke i dijagrame<\/a>\r\n    <\/div>\r\n  <\/div>\r\n\r\n  <div class=\"machine-row\">\r\n    <div class=\"machine-image\">\r\n      <img decoding=\"async\" src=\"https:\/\/noviprojekat.gemmaxgradnja.com\/wp-content\/uploads\/2025\/07\/Genie-GS-3246-11.75-m-2.webp\" alt=\"Genie GS-3246\">\r\n    <\/div>\r\n    <div class=\"machine-info\">\r\n      <h3>Genie GS-3246 \u2013 maksimalan doseg korpe do 11.75m i nosivosti do 318kg 2kom<\/h3>\r\n      <a href=\"https:\/\/www.workingatheightltd.com\/file\/576-3246-spec-sheet--1-.pdf\" target=\"_blank\">Dijagram - Link za tehni\u010dke podatke i dijagrame<\/a>\r\n    <\/div>\r\n  <\/div>\r\n\r\n  <div class=\"machine-row\">\r\n    <div class=\"machine-image\">\r\n      <img decoding=\"async\" src=\"https:\/\/noviprojekat.gemmaxgradnja.com\/wp-content\/uploads\/2025\/07\/Iteco-IT12122.webp\" alt=\"Iteco IT12122\">\r\n    <\/div>\r\n    <div class=\"machine-info\">\r\n      <h3>Iteco IT12122 \u2013 maksimalan doseg korpe do 14m i nosivosti do 350kg<\/h3>\r\n      <a href=\"https:\/\/www.lectura-specs.com\/en\/model\/aerial-work-platform\/scissor-lifts-wheeled-scissor-lifts-iteco\/it-12122-1031668\" target=\"_blank\">Dijagram - Link za tehni\u010dke podatke i dijagrame<\/a>\r\n    <\/div>\r\n  <\/div>\r\n\r\n  <div class=\"machine-row\">\r\n    <div class=\"machine-image\">\r\n      <img decoding=\"async\" src=\"https:\/\/noviprojekat.gemmaxgradnja.com\/wp-content\/uploads\/2025\/07\/Genie-GS-4390-15.1-m.webp\" alt=\"Genie GS-4390\">\r\n    <\/div>\r\n    <div class=\"machine-info\">\r\n      <h3>Genie GS-4390 \u2013 maksimalan doseg korpe do 15.11m i nosivosti do 680kg<\/h3>\r\n      <a href=\"https:\/\/www.genielift.com\/en\/aerial-lifts\/rough-terrain-scissor-lifts\/gs4390rt\" target=\"_blank\">Dijagram - Link za tehni\u010dke podatke i dijagrame<\/a>\r\n    <\/div>\r\n  <\/div>\r\n\r\n  <div class=\"machine-row\">\r\n    <div class=\"machine-image\">\r\n      <img decoding=\"async\" src=\"https:\/\/noviprojekat.gemmaxgradnja.com\/wp-content\/uploads\/2025\/07\/Genie-Z-45-25JRT-16.05-m.webp\" alt=\"Genie Z-45-25JRT\">\r\n    <\/div>\r\n    <div class=\"machine-info\">\r\n      <h3>Genie Z-45-25JRT \u2013 maksimalan doseg korpe do 16.05 m i nosivosti do 227kg<\/h3>\r\n      <a href=\"https:\/\/www.genielift.com\/en-sg\/aerial-lifts\/articulated-boom-lifts\/z4525jrt\" target=\"_blank\">Dijagram - Link za tehni\u010dke podatke i dijagrame<\/a>\r\n    <\/div>\r\n  <\/div>\r\n\r\n  <div class=\"machine-row\">\r\n    <div class=\"machine-image\">\r\n      <img decoding=\"async\" src=\"https:\/\/noviprojekat.gemmaxgradnja.com\/wp-content\/uploads\/2025\/07\/genie-S-65-1.webp\" alt=\"Genie S-65\">\r\n    <\/div>\r\n    <div class=\"machine-info\">\r\n      <h3>Genie S-65 \u2013 maksimalan doseg korpe do 19.8 m i nosivosti do 227kg<\/h3>\r\n      <a href=\"https:\/\/www.workingatheightltd.com\/file\/649-s-65-spec-sheet.pdf\" target=\"_blank\">Dijagram - Link za tehni\u010dke podatke i dijagrame<\/a>\r\n    <\/div>\r\n  <\/div>\r\n\r\n  <div class=\"machine-row\">\r\n    <div class=\"machine-image\">\r\n      <img decoding=\"async\" src=\"https:\/\/noviprojekat.gemmaxgradnja.com\/wp-content\/uploads\/2025\/07\/Genie-Z-60-34-4WD-Diesel-Articulating-Boom.webp\" alt=\"Genie Z-60\/34\">\r\n    <\/div>\r\n    <div class=\"machine-info\">\r\n      <h3>Genie Z-60\/34 \u2013 maksimalan doseg korpe do 20.4 m i nosivosti do 227kg<\/h3>\r\n      <a href=\"https:\/\/www.berconrentals.ca\/wp-content\/uploads\/2021\/09\/Genie-Z60-34-Spec-Sheet.pdf\" target=\"_blank\">Dijagram - Link za tehni\u010dke podatke i dijagrame<\/a>\r\n    <\/div>\r\n  <\/div>\r\n\r\n  <div class=\"machine-row\">\r\n    <div class=\"machine-image\">\r\n      <img decoding=\"async\" src=\"https:\/\/noviprojekat.gemmaxgradnja.com\/wp-content\/uploads\/2025\/07\/JLG-203-24.webp\" alt=\"JLG 203-24\">\r\n    <\/div>\r\n    <div class=\"machine-info\">\r\n      <h3>JLG 203-24 \u2013 maksimalan doseg korpe do 22.3 m i nosivosti do 750kg<\/h3>\r\n      <a href=\"https:\/\/jms.co.uk\/hire\/high-level\/jlg-liftlux-203-24-22-30m-diesel-scissor-lift\/\" target=\"_blank\">Dijagram - Link za tehni\u010dke podatke i dijagrame<\/a>\r\n    <\/div>\r\n  <\/div>\r\n<\/div>\t\t\t\t<\/div>\n\t\t\t\t<\/div>\n\t\t\t\t<div class=\"elementor-element elementor-element-f292e06 elementor-widget elementor-widget-html\" data-id=\"f292e06\" data-element_type=\"widget\" data-widget_type=\"html.default\">\n\t\t\t\t<div class=\"elementor-widget-container\">\n\t\t\t\t\t<style>\r\n  .machine-table {\r\n    font-family: 'Roboto', sans-serif;\r\n    background-color: #0F0F0F;\r\n    padding: 20px 10px;\r\n    border-radius: 16px;\r\n    color: white;\r\n    max-width: 100%;\r\n    margin: auto;\r\n  }\r\n\r\n  .machine-title {\r\n    font-size: 24px;\r\n    font-weight: bold;\r\n    border-bottom: 2px solid #1AFF9A;\r\n    padding-bottom: 6px;\r\n    margin-bottom: 15px;\r\n    color: #1AFF9A;\r\n    text-align: center;\r\n  }\r\n\r\n  .machine-row {\r\n    display: flex;\r\n    flex-direction: column;\r\n    align-items: center;\r\n    background-color: #1A1A1A;\r\n    border: 1px solid #333;\r\n    border-radius: 12px;\r\n    padding: 12px;\r\n    margin-bottom: 16px;\r\n  }\r\n\r\n  .machine-image img {\r\n    width: 100%;\r\n    max-width: 500px;\r\n    border-radius: 10px;\r\n    display: block;\r\n  }\r\n\r\n  .machine-info {\r\n    text-align: center;\r\n    margin-top: 8px;\r\n    line-height: 1.4;\r\n  }\r\n\r\n  .machine-info h3 {\r\n    font-size: 16px;\r\n    margin: 6px 0 2px 0;\r\n  }\r\n\r\n  .machine-info a {\r\n    color: #1AFF9A;\r\n    font-size: 13.5px;\r\n    font-weight: 500;\r\n    text-decoration: underline;\r\n  }\r\n\r\n  @media (min-width: 768px) {\r\n    .machine-row {\r\n      flex-direction: row;\r\n      justify-content: center;\r\n      align-items: center;\r\n      gap: 20px;\r\n      text-align: left;\r\n    }\r\n\r\n    .machine-image {\r\n      flex: 1 1 320px;\r\n      max-width: 340px;\r\n    }\r\n\r\n    .machine-image img {\r\n      height: 200px;\r\n      object-fit: cover;\r\n      border-radius: 10px;\r\n    }\r\n\r\n    .machine-info {\r\n      flex: 2 1 400px;\r\n      margin-top: 0;\r\n      text-align: left;\r\n    }\r\n\r\n    .machine-info h3 {\r\n      font-size: 18px;\r\n    }\r\n\r\n    .machine-info a {\r\n      font-size: 14px;\r\n    }\r\n  }\r\n<\/style>\r\n\r\n<div class=\"machine-table\">\r\n  <div class=\"machine-title\">KRAN<\/div>\r\n\r\n  <div class=\"machine-row\">\r\n    <div class=\"machine-image\">\r\n      <img decoding=\"async\" src=\"https:\/\/noviprojekat.gemmaxgradnja.com\/wp-content\/uploads\/2025\/07\/saez-s41.webp\" alt=\"SAEZ 41\/41\">\r\n    <\/div>\r\n    <div class=\"machine-info\">\r\n      <h3>SAEZ 41\/41 \u2013 maksimalne nosivosti 2.5t, visine 41m, dosega 41m<\/h3>\r\n      <a href=\"https:\/\/cranenetwork.com\/uploads\/specs\/5pktucwp1n5aichasaez_s41_2.5-ton_self_erecting_tower_crane_network.pdf\" target=\"_blank\">Dijagram - Link za tehni\u010dke podatke i dijagrame<\/a>\r\n    <\/div>\r\n  <\/div>\r\n<\/div>\t\t\t\t<\/div>\n\t\t\t\t<\/div>\n\t\t\t\t\t<\/div>\n\t\t\t\t<\/div>\n\t\t\t\t<\/div>\n\t\t","protected":false},"excerpt":{"rendered":"<p>IZNAJMLJIVANJE AUTODIZALICA, TELEHENDERA I KORPI Gemmax Gradnja nudi iznajmljivanje autodizalica velikog kapaciteta od 5 t do 150 tona. Takodje iznajmljuje korpe i platforme za rad na visini od 5 m do 23 m. Kroz usluge pru\u017eamo najbolja re\u0161enja za postupanje i manipulaciju tereta sa industrijskom opremom za podizanje, istovar, utovar, pomeranje, monta\u017eu i demonta\u017eu tereta.Dugogodi\u0161njim [&hellip;]<\/p>\n","protected":false},"author":1,"featured_media":0,"parent":0,"menu_order":0,"comment_status":"closed","ping_status":"closed","template":"","meta":{"footnotes":""},"class_list":["post-320","page","type-page","status-publish","hentry"],"_links":{"self":[{"href":"https:\/\/noviprojekat.gemmaxgradnja.com\/index.php\/wp-json\/wp\/v2\/pages\/320","targetHints":{"allow":["GET"]}}],"collection":[{"href":"https:\/\/noviprojekat.gemmaxgradnja.com\/index.php\/wp-json\/wp\/v2\/pages"}],"about":[{"href":"https:\/\/noviprojekat.gemmaxgradnja.com\/index.php\/wp-json\/wp\/v2\/types\/page"}],"author":[{"embeddable":true,"href":"https:\/\/noviprojekat.gemmaxgradnja.com\/index.php\/wp-json\/wp\/v2\/users\/1"}],"replies":[{"embeddable":true,"href":"https:\/\/noviprojekat.gemmaxgradnja.com\/index.php\/wp-json\/wp\/v2\/comments?post=320"}],"version-history":[{"count":25,"href":"https:\/\/noviprojekat.gemmaxgradnja.com\/index.php\/wp-json\/wp\/v2\/pages\/320\/revisions"}],"predecessor-version":[{"id":872,"href":"https:\/\/noviprojekat.gemmaxgradnja.com\/index.php\/wp-json\/wp\/v2\/pages\/320\/revisions\/872"}],"wp:attachment":[{"href":"https:\/\/noviprojekat.gemmaxgradnja.com\/index.php\/wp-json\/wp\/v2\/media?parent=320"}],"curies":[{"name":"wp","href":"https:\/\/api.w.org\/{rel}","templated":true}]}}