{"id":266,"date":"2025-07-02T09:05:45","date_gmt":"2025-07-02T09:05:45","guid":{"rendered":"https:\/\/noviprojekat.gemmaxgradnja.com\/?page_id=266"},"modified":"2025-07-02T10:19:41","modified_gmt":"2025-07-02T10:19:41","slug":"frakcija","status":"publish","type":"page","link":"https:\/\/noviprojekat.gemmaxgradnja.com\/index.php\/frakcija\/","title":{"rendered":"Frakcija i tamponi"},"content":{"rendered":"\t\t<div data-elementor-type=\"wp-page\" data-elementor-id=\"266\" class=\"elementor elementor-266\" data-elementor-post-type=\"page\">\n\t\t\t\t<div class=\"elementor-element elementor-element-0d75155 e-flex e-con-boxed e-con e-parent\" data-id=\"0d75155\" data-element_type=\"container\" data-settings=\"{&quot;background_background&quot;:&quot;classic&quot;}\">\n\t\t\t\t\t<div class=\"e-con-inner\">\n\t\t\t\t<div class=\"elementor-element elementor-element-a7909cf elementor-widget elementor-widget-heading\" data-id=\"a7909cf\" data-element_type=\"widget\" data-widget_type=\"heading.default\">\n\t\t\t\t<div class=\"elementor-widget-container\">\n\t\t\t\t\t<h2 class=\"elementor-heading-title elementor-size-default\">FRAKCIJA I TAMPONI<\/h2>\t\t\t\t<\/div>\n\t\t\t\t<\/div>\n\t\t\t\t\t<\/div>\n\t\t\t\t<\/div>\n\t\t<div class=\"elementor-element elementor-element-979069d e-flex e-con-boxed e-con e-parent\" data-id=\"979069d\" data-element_type=\"container\">\n\t\t\t\t\t<div class=\"e-con-inner\">\n\t\t\t\t<div class=\"elementor-element elementor-element-eeb8cec elementor-widget elementor-widget-html\" data-id=\"eeb8cec\" data-element_type=\"widget\" data-widget_type=\"html.default\">\n\t\t\t\t<div class=\"elementor-widget-container\">\n\t\t\t\t\t<div style=\"font-family: 'Roboto', sans-serif; max-width: 800px; margin: 20px auto; display: flex; flex-wrap: wrap; gap: 20px; justify-content: center;\">\r\n    <!-- Email Contact -->\r\n    <div style=\"flex: 1; min-width: 300px; background: white; border-radius: 10px; box-shadow: 0 4px 12px rgba(0,0,0,0.1); padding: 25px; text-align: center; border-top: 5px solid #27ae60;\">\r\n        <div style=\"font-size: 40px; color: #27ae60; margin-bottom: 15px;\">\u2709<\/div>\r\n        <h3 style=\"font-weight: 700; color: #2c3e50; margin-bottom: 10px;\">Po\u0161aljite nam upit za ponudu<\/h3>\r\n        <a href=\"mailto:prodaja@gemmaxgradnja.com\" style=\"display: inline-block; background: #27ae60; color: white; text-decoration: none; padding: 12px 25px; border-radius: 30px; font-weight: 600; margin-top: 15px; transition: all 0.3s ease;\" onmouseover=\"this.style.background='#2ecc71'\" onmouseout=\"this.style.background='#27ae60'\">\r\n            prodaja@gemmaxgradnja.com\r\n        <\/a>\r\n    <\/div>\r\n    \r\n    <!-- Phone Contact -->\r\n    <div style=\"flex: 1; min-width: 300px; background: white; border-radius: 10px; box-shadow: 0 4px 12px rgba(0,0,0,0.1); padding: 25px; text-align: center; border-top: 5px solid #27ae60;\">\r\n        <div style=\"font-size: 40px; color: #27ae60; margin-bottom: 15px;\">\ud83d\udcde<\/div>\r\n        <h3 style=\"font-weight: 700; color: #2c3e50; margin-bottom: 10px;\">Ili nas kontaktirajte na<\/h3>\r\n        <div style=\"margin-top: 20px;\">\r\n            <a href=\"tel:+38163459999\" style=\"display: block; color: #2c3e50; text-decoration: none; font-weight: 600; margin-bottom: 10px; transition: all 0.3s ease;\" onmouseover=\"this.style.color='#27ae60'\" onmouseout=\"this.style.color='#2c3e50'\">\r\n                +381 63 459 999\r\n            <\/a>\r\n            <a href=\"tel:+381668098095\" style=\"display: block; color: #2c3e50; text-decoration: none; font-weight: 600; transition: all 0.3s ease;\" onmouseover=\"this.style.color='#27ae60'\" onmouseout=\"this.style.color='#2c3e50'\">\r\n                +381 66 809 809 5\r\n            <\/a>\r\n        <\/div>\r\n    <\/div>\r\n<\/div>\t\t\t\t<\/div>\n\t\t\t\t<\/div>\n\t\t\t\t<div class=\"elementor-element elementor-element-97ad9bb elementor-widget elementor-widget-html\" data-id=\"97ad9bb\" data-element_type=\"widget\" data-widget_type=\"html.default\">\n\t\t\t\t<div class=\"elementor-widget-container\">\n\t\t\t\t\t<div style=\"font-family: 'Roboto', sans-serif; color: #333; line-height: 1.6; max-width: 1000px; margin: 0 auto;\">\r\n    <h2 style=\"font-weight: 800; color: #2c3e50; border-bottom: 2px solid #27ae60; padding-bottom: 5px; margin-bottom: 15px;\">KAMENE FRAKCIJE I AGREGATI<\/h2>\r\n    <p>U okviru kompleksa \u201eGEMMAX GRADNJA\" nalazi se mobilno postrojenje Terex za sejanje kamenih frakcija.<\/p>\r\n    \r\n    <h3 style=\"font-weight: 700; color: #2c3e50; margin-top: 20px;\">Kamene frakcije koje nudimo:<\/h3>\r\n    <ul style=\"columns: 2; column-gap: 30px; list-style-type: none; padding-left: 0;\">\r\n        <li style=\"margin-bottom: 5px;\">\u2022 0-4 mm<\/li>\r\n        <li style=\"margin-bottom: 5px;\">\u2022 4-8 mm<\/li>\r\n        <li style=\"margin-bottom: 5px;\">\u2022 8-11 mm<\/li>\r\n        <li style=\"margin-bottom: 5px;\">\u2022 8-16 mm<\/li>\r\n        <li style=\"margin-bottom: 5px;\">\u2022 16-22 mm<\/li>\r\n    <\/ul>\r\n    \r\n    <p>Posedujemo i drobilicu Wirthgen Kleemann za proizvodnju kamenih agregata.<\/p>\r\n    \r\n    <h3 style=\"font-weight: 700; color: #2c3e50; margin-top: 20px;\">Kameni agregati koje nudimo:<\/h3>\r\n    <ul style=\"columns: 2; column-gap: 30px; list-style-type: none; padding-left: 0;\">\r\n        <li style=\"margin-bottom: 5px;\">\u2022 0-31.5mm<\/li>\r\n        <li style=\"margin-bottom: 5px;\">\u2022 0-63mm<\/li>\r\n        <li style=\"margin-bottom: 5px;\">\u2022 31.5-63mm<\/li>\r\n        <li style=\"margin-bottom: 5px;\">\u2022 50-150mm<\/li>\r\n    <\/ul>\r\n    \r\n    <h3 style=\"font-weight: 700; color: #2c3e50; margin-top: 20px;\">U ponudi imamo i betonske frakcije:<\/h3>\r\n    <ul style=\"columns: 2; column-gap: 30px; list-style-type: none; padding-left: 0;\">\r\n        <li style=\"margin-bottom: 5px;\">\u2022 0-4mm<\/li>\r\n        <li style=\"margin-bottom: 5px;\">\u2022 4-8mm<\/li>\r\n        <li style=\"margin-bottom: 5px;\">\u2022 8-16mm<\/li>\r\n        <li style=\"margin-bottom: 5px;\">\u2022 16-32mm<\/li>\r\n    <\/ul>\r\n    \r\n    <h2 style=\"font-weight: 800; color: #2c3e50; border-bottom: 2px solid #27ae60; padding-bottom: 5px; margin-bottom: 15px;\">O NAMA<\/h2>\r\n    <p>Kao proizvo\u0111a\u010d frakcije posedujemo svoj kamenolom u Likodri (kre\u010dnjak) i sa svojim transportom od kojih raspola\u017eemo 15 kamiona. U mogu\u0107nosti smo da isporu\u010dimo i do 3000t frakcije ili tampona.<\/p>\r\n    <p>Posedujemo ateste o ispitivanju koje je uradio institut \u201eIMS\" Beograd.<\/p>\r\n    <p>Mo\u017eemo se pohvaliti da imamo jedne od najboljih atesta u pogledu kvaliteta kamena i tampona. Uz na\u0161e frakcije za proizvodnju betona ostvaruje se u\u0161teda do 10% cementa zato \u0161to je u pitanju kre\u010dnjak.<\/p>\r\n    <p>Kontrola ulaznih sirovina, ispitivanje kamena, rad fabrike i laboratorije pod nadzorom je instituta \u201eIMS\" Beograd.<\/p>\r\n    <p>Sve na\u0161e agregate i frakcije mo\u017eete kupiti na na\u0161em depou koji se nalazi na lokaciji Rumena\u010dki put 103b.<\/p>\r\n<\/div>\t\t\t\t<\/div>\n\t\t\t\t<\/div>\n\t\t\t\t\t<\/div>\n\t\t\t\t<\/div>\n\t\t<div class=\"elementor-element elementor-element-3741385 e-flex e-con-boxed e-con e-parent\" data-id=\"3741385\" data-element_type=\"container\">\n\t\t\t\t\t<div class=\"e-con-inner\">\n\t\t\t\t<div class=\"elementor-element elementor-element-309128f elementor-widget elementor-widget-gallery\" data-id=\"309128f\" data-element_type=\"widget\" data-settings=\"{&quot;columns&quot;:3,&quot;columns_tablet&quot;:3,&quot;columns_mobile&quot;:3,&quot;lazyload&quot;:&quot;yes&quot;,&quot;gallery_layout&quot;:&quot;grid&quot;,&quot;gap&quot;:{&quot;unit&quot;:&quot;px&quot;,&quot;size&quot;:10,&quot;sizes&quot;:[]},&quot;gap_tablet&quot;:{&quot;unit&quot;:&quot;px&quot;,&quot;size&quot;:10,&quot;sizes&quot;:[]},&quot;gap_mobile&quot;:{&quot;unit&quot;:&quot;px&quot;,&quot;size&quot;:10,&quot;sizes&quot;:[]},&quot;link_to&quot;:&quot;file&quot;,&quot;aspect_ratio&quot;:&quot;3:2&quot;,&quot;overlay_background&quot;:&quot;yes&quot;,&quot;content_hover_animation&quot;:&quot;fade-in&quot;}\" data-widget_type=\"gallery.default\">\n\t\t\t\t<div class=\"elementor-widget-container\">\n\t\t\t\t\t\t\t<div class=\"elementor-gallery__container\">\n\t\t\t\t\t\t\t<a class=\"e-gallery-item elementor-gallery-item elementor-animated-content\" href=\"https:\/\/noviprojekat.gemmaxgradnja.com\/wp-content\/uploads\/2025\/07\/viber_image_2025-01-24_14-29-59-985_result.webp\" data-elementor-open-lightbox=\"yes\" data-elementor-lightbox-slideshow=\"309128f\" data-elementor-lightbox-title=\"viber_image_2025-01-24_14-29-59-985_result\" data-e-action-hash=\"#elementor-action%3Aaction%3Dlightbox%26settings%3DeyJpZCI6Mjc3LCJ1cmwiOiJodHRwczpcL1wvbm92aXByb2pla2F0LmdlbW1heGdyYWRuamEuY29tXC93cC1jb250ZW50XC91cGxvYWRzXC8yMDI1XC8wN1wvdmliZXJfaW1hZ2VfMjAyNS0wMS0yNF8xNC0yOS01OS05ODVfcmVzdWx0LndlYnAiLCJzbGlkZXNob3ciOiIzMDkxMjhmIn0%3D\">\n\t\t\t\t\t<div class=\"e-gallery-image elementor-gallery-item__image\" data-thumbnail=\"https:\/\/noviprojekat.gemmaxgradnja.com\/wp-content\/uploads\/2025\/07\/viber_image_2025-01-24_14-29-59-985_result-768x1024.webp\" data-width=\"768\" data-height=\"1024\" aria-label=\"\" role=\"img\" ><\/div>\n\t\t\t\t\t\t\t\t\t\t\t<div class=\"elementor-gallery-item__overlay\"><\/div>\n\t\t\t\t\t\t\t\t\t\t\t\t\t\t<\/a>\n\t\t\t\t\t\t\t<a class=\"e-gallery-item elementor-gallery-item elementor-animated-content\" href=\"https:\/\/noviprojekat.gemmaxgradnja.com\/wp-content\/uploads\/2025\/07\/viber_image_2025-01-24_14-30-32-964_result.webp\" data-elementor-open-lightbox=\"yes\" data-elementor-lightbox-slideshow=\"309128f\" data-elementor-lightbox-title=\"viber_image_2025-01-24_14-30-32-964_result\" data-e-action-hash=\"#elementor-action%3Aaction%3Dlightbox%26settings%3DeyJpZCI6Mjc4LCJ1cmwiOiJodHRwczpcL1wvbm92aXByb2pla2F0LmdlbW1heGdyYWRuamEuY29tXC93cC1jb250ZW50XC91cGxvYWRzXC8yMDI1XC8wN1wvdmliZXJfaW1hZ2VfMjAyNS0wMS0yNF8xNC0zMC0zMi05NjRfcmVzdWx0LndlYnAiLCJzbGlkZXNob3ciOiIzMDkxMjhmIn0%3D\">\n\t\t\t\t\t<div class=\"e-gallery-image elementor-gallery-item__image\" data-thumbnail=\"https:\/\/noviprojekat.gemmaxgradnja.com\/wp-content\/uploads\/2025\/07\/viber_image_2025-01-24_14-30-32-964_result-768x1024.webp\" data-width=\"768\" data-height=\"1024\" aria-label=\"\" role=\"img\" ><\/div>\n\t\t\t\t\t\t\t\t\t\t\t<div class=\"elementor-gallery-item__overlay\"><\/div>\n\t\t\t\t\t\t\t\t\t\t\t\t\t\t<\/a>\n\t\t\t\t\t\t\t<a class=\"e-gallery-item elementor-gallery-item elementor-animated-content\" href=\"https:\/\/noviprojekat.gemmaxgradnja.com\/wp-content\/uploads\/2025\/07\/viber_image_2025-01-24_14-31-53-229_result.webp\" data-elementor-open-lightbox=\"yes\" data-elementor-lightbox-slideshow=\"309128f\" data-elementor-lightbox-title=\"viber_image_2025-01-24_14-31-53-229_result\" data-e-action-hash=\"#elementor-action%3Aaction%3Dlightbox%26settings%3DeyJpZCI6Mjc5LCJ1cmwiOiJodHRwczpcL1wvbm92aXByb2pla2F0LmdlbW1heGdyYWRuamEuY29tXC93cC1jb250ZW50XC91cGxvYWRzXC8yMDI1XC8wN1wvdmliZXJfaW1hZ2VfMjAyNS0wMS0yNF8xNC0zMS01My0yMjlfcmVzdWx0LndlYnAiLCJzbGlkZXNob3ciOiIzMDkxMjhmIn0%3D\">\n\t\t\t\t\t<div class=\"e-gallery-image elementor-gallery-item__image\" data-thumbnail=\"https:\/\/noviprojekat.gemmaxgradnja.com\/wp-content\/uploads\/2025\/07\/viber_image_2025-01-24_14-31-53-229_result-768x1024.webp\" data-width=\"768\" data-height=\"1024\" aria-label=\"\" role=\"img\" ><\/div>\n\t\t\t\t\t\t\t\t\t\t\t<div class=\"elementor-gallery-item__overlay\"><\/div>\n\t\t\t\t\t\t\t\t\t\t\t\t\t\t<\/a>\n\t\t\t\t\t\t\t<a class=\"e-gallery-item elementor-gallery-item elementor-animated-content\" href=\"https:\/\/noviprojekat.gemmaxgradnja.com\/wp-content\/uploads\/2025\/07\/viber_image_2025-01-24_14-32-12-512_result.webp\" data-elementor-open-lightbox=\"yes\" data-elementor-lightbox-slideshow=\"309128f\" data-elementor-lightbox-title=\"viber_image_2025-01-24_14-32-12-512_result\" data-e-action-hash=\"#elementor-action%3Aaction%3Dlightbox%26settings%3DeyJpZCI6MjgwLCJ1cmwiOiJodHRwczpcL1wvbm92aXByb2pla2F0LmdlbW1heGdyYWRuamEuY29tXC93cC1jb250ZW50XC91cGxvYWRzXC8yMDI1XC8wN1wvdmliZXJfaW1hZ2VfMjAyNS0wMS0yNF8xNC0zMi0xMi01MTJfcmVzdWx0LndlYnAiLCJzbGlkZXNob3ciOiIzMDkxMjhmIn0%3D\">\n\t\t\t\t\t<div class=\"e-gallery-image elementor-gallery-item__image\" data-thumbnail=\"https:\/\/noviprojekat.gemmaxgradnja.com\/wp-content\/uploads\/2025\/07\/viber_image_2025-01-24_14-32-12-512_result-768x1024.webp\" data-width=\"768\" data-height=\"1024\" aria-label=\"\" role=\"img\" ><\/div>\n\t\t\t\t\t\t\t\t\t\t\t<div class=\"elementor-gallery-item__overlay\"><\/div>\n\t\t\t\t\t\t\t\t\t\t\t\t\t\t<\/a>\n\t\t\t\t\t\t\t<a class=\"e-gallery-item elementor-gallery-item elementor-animated-content\" href=\"https:\/\/noviprojekat.gemmaxgradnja.com\/wp-content\/uploads\/2025\/07\/viber_image_2025-01-24_14-32-21-322_result.webp\" data-elementor-open-lightbox=\"yes\" data-elementor-lightbox-slideshow=\"309128f\" data-elementor-lightbox-title=\"viber_image_2025-01-24_14-32-21-322_result\" data-e-action-hash=\"#elementor-action%3Aaction%3Dlightbox%26settings%3DeyJpZCI6MjgxLCJ1cmwiOiJodHRwczpcL1wvbm92aXByb2pla2F0LmdlbW1heGdyYWRuamEuY29tXC93cC1jb250ZW50XC91cGxvYWRzXC8yMDI1XC8wN1wvdmliZXJfaW1hZ2VfMjAyNS0wMS0yNF8xNC0zMi0yMS0zMjJfcmVzdWx0LndlYnAiLCJzbGlkZXNob3ciOiIzMDkxMjhmIn0%3D\">\n\t\t\t\t\t<div class=\"e-gallery-image elementor-gallery-item__image\" data-thumbnail=\"https:\/\/noviprojekat.gemmaxgradnja.com\/wp-content\/uploads\/2025\/07\/viber_image_2025-01-24_14-32-21-322_result-768x1024.webp\" data-width=\"768\" data-height=\"1024\" aria-label=\"\" role=\"img\" ><\/div>\n\t\t\t\t\t\t\t\t\t\t\t<div class=\"elementor-gallery-item__overlay\"><\/div>\n\t\t\t\t\t\t\t\t\t\t\t\t\t\t<\/a>\n\t\t\t\t\t\t\t<a class=\"e-gallery-item elementor-gallery-item elementor-animated-content\" href=\"https:\/\/noviprojekat.gemmaxgradnja.com\/wp-content\/uploads\/2025\/07\/viber_image_2025-01-24_14-32-51-907_result.webp\" data-elementor-open-lightbox=\"yes\" data-elementor-lightbox-slideshow=\"309128f\" data-elementor-lightbox-title=\"viber_image_2025-01-24_14-32-51-907_result\" data-e-action-hash=\"#elementor-action%3Aaction%3Dlightbox%26settings%3DeyJpZCI6MjgyLCJ1cmwiOiJodHRwczpcL1wvbm92aXByb2pla2F0LmdlbW1heGdyYWRuamEuY29tXC93cC1jb250ZW50XC91cGxvYWRzXC8yMDI1XC8wN1wvdmliZXJfaW1hZ2VfMjAyNS0wMS0yNF8xNC0zMi01MS05MDdfcmVzdWx0LndlYnAiLCJzbGlkZXNob3ciOiIzMDkxMjhmIn0%3D\">\n\t\t\t\t\t<div class=\"e-gallery-image elementor-gallery-item__image\" data-thumbnail=\"https:\/\/noviprojekat.gemmaxgradnja.com\/wp-content\/uploads\/2025\/07\/viber_image_2025-01-24_14-32-51-907_result-768x576.webp\" data-width=\"768\" data-height=\"576\" aria-label=\"\" role=\"img\" ><\/div>\n\t\t\t\t\t\t\t\t\t\t\t<div class=\"elementor-gallery-item__overlay\"><\/div>\n\t\t\t\t\t\t\t\t\t\t\t\t\t\t<\/a>\n\t\t\t\t\t\t\t<a class=\"e-gallery-item elementor-gallery-item elementor-animated-content\" href=\"https:\/\/noviprojekat.gemmaxgradnja.com\/wp-content\/uploads\/2025\/07\/viber_image_2025-01-24_14-33-17-218_result.webp\" data-elementor-open-lightbox=\"yes\" data-elementor-lightbox-slideshow=\"309128f\" data-elementor-lightbox-title=\"viber_image_2025-01-24_14-33-17-218_result\" data-e-action-hash=\"#elementor-action%3Aaction%3Dlightbox%26settings%3DeyJpZCI6MjgzLCJ1cmwiOiJodHRwczpcL1wvbm92aXByb2pla2F0LmdlbW1heGdyYWRuamEuY29tXC93cC1jb250ZW50XC91cGxvYWRzXC8yMDI1XC8wN1wvdmliZXJfaW1hZ2VfMjAyNS0wMS0yNF8xNC0zMy0xNy0yMThfcmVzdWx0LndlYnAiLCJzbGlkZXNob3ciOiIzMDkxMjhmIn0%3D\">\n\t\t\t\t\t<div class=\"e-gallery-image elementor-gallery-item__image\" data-thumbnail=\"https:\/\/noviprojekat.gemmaxgradnja.com\/wp-content\/uploads\/2025\/07\/viber_image_2025-01-24_14-33-17-218_result-768x576.webp\" data-width=\"768\" data-height=\"576\" aria-label=\"\" role=\"img\" ><\/div>\n\t\t\t\t\t\t\t\t\t\t\t<div class=\"elementor-gallery-item__overlay\"><\/div>\n\t\t\t\t\t\t\t\t\t\t\t\t\t\t<\/a>\n\t\t\t\t\t\t\t<a class=\"e-gallery-item elementor-gallery-item elementor-animated-content\" href=\"https:\/\/noviprojekat.gemmaxgradnja.com\/wp-content\/uploads\/2025\/07\/viber_image_2025-01-24_14-33-26-905_result.webp\" data-elementor-open-lightbox=\"yes\" data-elementor-lightbox-slideshow=\"309128f\" data-elementor-lightbox-title=\"viber_image_2025-01-24_14-33-26-905_result\" data-e-action-hash=\"#elementor-action%3Aaction%3Dlightbox%26settings%3DeyJpZCI6Mjg0LCJ1cmwiOiJodHRwczpcL1wvbm92aXByb2pla2F0LmdlbW1heGdyYWRuamEuY29tXC93cC1jb250ZW50XC91cGxvYWRzXC8yMDI1XC8wN1wvdmliZXJfaW1hZ2VfMjAyNS0wMS0yNF8xNC0zMy0yNi05MDVfcmVzdWx0LndlYnAiLCJzbGlkZXNob3ciOiIzMDkxMjhmIn0%3D\">\n\t\t\t\t\t<div class=\"e-gallery-image elementor-gallery-item__image\" data-thumbnail=\"https:\/\/noviprojekat.gemmaxgradnja.com\/wp-content\/uploads\/2025\/07\/viber_image_2025-01-24_14-33-26-905_result-768x576.webp\" data-width=\"768\" data-height=\"576\" aria-label=\"\" role=\"img\" ><\/div>\n\t\t\t\t\t\t\t\t\t\t\t<div class=\"elementor-gallery-item__overlay\"><\/div>\n\t\t\t\t\t\t\t\t\t\t\t\t\t\t<\/a>\n\t\t\t\t\t\t\t<a class=\"e-gallery-item elementor-gallery-item elementor-animated-content\" href=\"https:\/\/noviprojekat.gemmaxgradnja.com\/wp-content\/uploads\/2025\/07\/frakcije-i-tamponi-1.webp\" data-elementor-open-lightbox=\"yes\" data-elementor-lightbox-slideshow=\"309128f\" data-elementor-lightbox-title=\"frakcije-i-tamponi-1\" data-e-action-hash=\"#elementor-action%3Aaction%3Dlightbox%26settings%3DeyJpZCI6Mjg1LCJ1cmwiOiJodHRwczpcL1wvbm92aXByb2pla2F0LmdlbW1heGdyYWRuamEuY29tXC93cC1jb250ZW50XC91cGxvYWRzXC8yMDI1XC8wN1wvZnJha2NpamUtaS10YW1wb25pLTEud2VicCIsInNsaWRlc2hvdyI6IjMwOTEyOGYifQ%3D%3D\">\n\t\t\t\t\t<div class=\"e-gallery-image elementor-gallery-item__image\" data-thumbnail=\"https:\/\/noviprojekat.gemmaxgradnja.com\/wp-content\/uploads\/2025\/07\/frakcije-i-tamponi-1-768x511.webp\" data-width=\"768\" data-height=\"511\" aria-label=\"\" role=\"img\" ><\/div>\n\t\t\t\t\t\t\t\t\t\t\t<div class=\"elementor-gallery-item__overlay\"><\/div>\n\t\t\t\t\t\t\t\t\t\t\t\t\t\t<\/a>\n\t\t\t\t\t<\/div>\n\t\t\t\t\t<\/div>\n\t\t\t\t<\/div>\n\t\t\t\t\t<\/div>\n\t\t\t\t<\/div>\n\t\t\t\t<\/div>\n\t\t","protected":false},"excerpt":{"rendered":"<p>FRAKCIJA I TAMPONI \u2709 Po\u0161aljite nam upit za ponudu prodaja@gemmaxgradnja.com \ud83d\udcde Ili nas kontaktirajte na +381 63 459 999 +381 66 809 809 5 KAMENE FRAKCIJE I AGREGATI U okviru kompleksa \u201eGEMMAX GRADNJA&#8221; nalazi se mobilno postrojenje Terex za sejanje kamenih frakcija. Kamene frakcije koje nudimo: \u2022 0-4 mm \u2022 4-8 mm \u2022 8-11 mm [&hellip;]<\/p>\n","protected":false},"author":1,"featured_media":0,"parent":0,"menu_order":0,"comment_status":"closed","ping_status":"closed","template":"","meta":{"footnotes":""},"class_list":["post-266","page","type-page","status-publish","hentry"],"_links":{"self":[{"href":"https:\/\/noviprojekat.gemmaxgradnja.com\/index.php\/wp-json\/wp\/v2\/pages\/266","targetHints":{"allow":["GET"]}}],"collection":[{"href":"https:\/\/noviprojekat.gemmaxgradnja.com\/index.php\/wp-json\/wp\/v2\/pages"}],"about":[{"href":"https:\/\/noviprojekat.gemmaxgradnja.com\/index.php\/wp-json\/wp\/v2\/types\/page"}],"author":[{"embeddable":true,"href":"https:\/\/noviprojekat.gemmaxgradnja.com\/index.php\/wp-json\/wp\/v2\/users\/1"}],"replies":[{"embeddable":true,"href":"https:\/\/noviprojekat.gemmaxgradnja.com\/index.php\/wp-json\/wp\/v2\/comments?post=266"}],"version-history":[{"count":23,"href":"https:\/\/noviprojekat.gemmaxgradnja.com\/index.php\/wp-json\/wp\/v2\/pages\/266\/revisions"}],"predecessor-version":[{"id":319,"href":"https:\/\/noviprojekat.gemmaxgradnja.com\/index.php\/wp-json\/wp\/v2\/pages\/266\/revisions\/319"}],"wp:attachment":[{"href":"https:\/\/noviprojekat.gemmaxgradnja.com\/index.php\/wp-json\/wp\/v2\/media?parent=266"}],"curies":[{"name":"wp","href":"https:\/\/api.w.org\/{rel}","templated":true}]}}