{"id":185,"date":"2025-07-01T11:55:39","date_gmt":"2025-07-01T11:55:39","guid":{"rendered":"https:\/\/noviprojekat.gemmaxgradnja.com\/?page_id=185"},"modified":"2025-07-01T12:41:26","modified_gmt":"2025-07-01T12:41:26","slug":"usluge","status":"publish","type":"page","link":"https:\/\/noviprojekat.gemmaxgradnja.com\/index.php\/usluge\/","title":{"rendered":"Usluge"},"content":{"rendered":"\t\t<div data-elementor-type=\"wp-page\" data-elementor-id=\"185\" class=\"elementor elementor-185\" data-elementor-post-type=\"page\">\n\t\t\t\t<div class=\"elementor-element elementor-element-6a1477b e-flex e-con-boxed e-con e-parent\" data-id=\"6a1477b\" data-element_type=\"container\" data-settings=\"{&quot;background_background&quot;:&quot;classic&quot;}\">\n\t\t\t\t\t<div class=\"e-con-inner\">\n\t\t\t\t<div class=\"elementor-element elementor-element-08fd279 elementor-widget elementor-widget-heading\" data-id=\"08fd279\" data-element_type=\"widget\" data-widget_type=\"heading.default\">\n\t\t\t\t<div class=\"elementor-widget-container\">\n\t\t\t\t\t<h2 class=\"elementor-heading-title elementor-size-default\">USLUGE<\/h2>\t\t\t\t<\/div>\n\t\t\t\t<\/div>\n\t\t\t\t\t<\/div>\n\t\t\t\t<\/div>\n\t\t<div class=\"elementor-element elementor-element-523fc86 e-con-full e-flex e-con e-parent\" data-id=\"523fc86\" data-element_type=\"container\">\n\t\t<div class=\"elementor-element elementor-element-9fd17f8 e-con-full e-flex e-con e-child\" data-id=\"9fd17f8\" data-element_type=\"container\">\n\t\t\t\t<div class=\"elementor-element elementor-element-e373bd7 elementor-widget elementor-widget-heading\" data-id=\"e373bd7\" data-element_type=\"widget\" data-widget_type=\"heading.default\">\n\t\t\t\t<div class=\"elementor-widget-container\">\n\t\t\t\t\t<h2 class=\"elementor-heading-title elementor-size-default\">Po\u0161aljite nam va\u0161 upit za saradnju<\/h2>\t\t\t\t<\/div>\n\t\t\t\t<\/div>\n\t\t\t\t<\/div>\n\t\t<div class=\"elementor-element elementor-element-d475a43 e-con-full e-flex e-con e-child\" data-id=\"d475a43\" data-element_type=\"container\">\n\t\t\t\t<div class=\"elementor-element elementor-element-ace5d87 elementor-align-center elementor-widget elementor-widget-button\" data-id=\"ace5d87\" data-element_type=\"widget\" data-widget_type=\"button.default\">\n\t\t\t\t<div class=\"elementor-widget-container\">\n\t\t\t\t\t\t\t\t\t<div class=\"elementor-button-wrapper\">\n\t\t\t\t\t<a class=\"elementor-button elementor-button-link elementor-size-sm elementor-animation-grow\" href=\"#\">\n\t\t\t\t\t\t<span class=\"elementor-button-content-wrapper\">\n\t\t\t\t\t\t\t\t\t<span class=\"elementor-button-text\">KONTAKT<\/span>\n\t\t\t\t\t<\/span>\n\t\t\t\t\t<\/a>\n\t\t\t\t<\/div>\n\t\t\t\t\t\t\t\t<\/div>\n\t\t\t\t<\/div>\n\t\t\t\t<\/div>\n\t\t\t\t<\/div>\n\t\t<div class=\"elementor-element elementor-element-171a83c e-flex e-con-boxed e-con e-parent\" data-id=\"171a83c\" data-element_type=\"container\">\n\t\t\t\t\t<div class=\"e-con-inner\">\n\t\t\t\t<div class=\"elementor-element elementor-element-744265b elementor-widget elementor-widget-html\" data-id=\"744265b\" data-element_type=\"widget\" data-widget_type=\"html.default\">\n\t\t\t\t<div class=\"elementor-widget-container\">\n\t\t\t\t\t<div class=\"gemmax-services\">\r\n    <div class=\"gemmax-service-section\">\r\n        <h2 class=\"gemmax-service-title\">1. RADOVI U NISKOGRADNJI<\/h2>\r\n        <p class=\"gemmax-service-intro\">Sa dugogodi\u0161njim iskustvom koje smo stekli, mehanizacijom koju konstantno dopunjujemo i modernizujemo koriste\u0107i inovativne tehnike i kvalitetan gra\u0111evinski materijal iz sopstvenih resursa, spremni smo da odgovorimo na zahteve na\u0161ih klijenata iz slede\u0107ih oblasti niskogradnje.<\/p>\r\n        \r\n        <div class=\"gemmax-service-category\">\r\n            <h3 class=\"gemmax-category-title\">ISKOPI<\/h3>\r\n            <p>Gemmax gradnja nudi u svim zemljanim kategorijama prevoz svih materijala na gradsku deponiju ili koju zahteva naru\u010dilac. Iza nas su na desetine velikih, i stotine malih projekata koji su uspe\u0161no zavr\u0161eni. Sa modernom, obimnom mehanizacijom i stru\u010dnim kadrom, sposobni smo zadovoljiti najzahtevnije klijente i zavr\u0161iti ugovorene poslove u najkra\u0107em mogu\u0107em roku.<\/p>\r\n            <p>Posedujemo moderne guseni\u010dare bagere od 3t do 40t, svi bageri su od proizvo\u0111a\u010da \"Caterpilar\". Imamo i moderne kamione \u010detvoroosovince i troosovince marke \"Scania\".<\/p>\r\n        <\/div>\r\n        \r\n        <div class=\"gemmax-service-category\">\r\n            <h3 class=\"gemmax-category-title\">NASIPANJE I NABIJANJE<\/h3>\r\n            <p>Gemmax gradnja mo\u017ee nasuti i nabiti sve vrste saobra\u0107ajnica, platoa, ind.objekata, bez obzira na koli\u010dinu i kvadraturu, jer je opremljena buldo\u017eerima i grejderima \"Cat\" koji su opremljeni Leica sistemom koji garantuje visoku preciznost, pravi u\u0161tedu i kvalitet po projektovanim koli\u010dinama.<\/p>\r\n            <p>Tako\u0111e, opremljeni smo opremom za nabijanje marke \"Bomag\" i posedujemo Vibro plo\u010de od 50-750 kg, valjke od 1,2t do19t, je\u017e valjke i valjke sa kompaktorima. Da bi kompletan posao bio \u0161to bolje ura\u0111en, posedujemo i cisternu od 16m\u00b3.<\/p>\r\n        <\/div>\r\n        \r\n        <div class=\"gemmax-service-category\">\r\n            <h3 class=\"gemmax-category-title\">URE\u0110ENJE BEHATONOM I IVI\u010cNJACIMA<\/h3>\r\n            <p>Najlep\u0161a slika u pejza\u017enom prostoru ostvaruje se zahvaljuju\u0107i velikom izboru behatona, a koje smo mi u mogu\u0107nosti da ponudimo i ugradimo na va\u0161im parkinzima, trotoarima kao i platoima. Za pomo\u0107 pri odabiru arhitektonskih re\u0161enja nudimo i tim arhitekata.<\/p>\r\n        <\/div>\r\n        \r\n        <div class=\"gemmax-service-category\">\r\n            <h3 class=\"gemmax-category-title\">BETONIRANJE<\/h3>\r\n            <p>Kompletnu i funkcionalnu sliku prostora u industrijskim objektima i oko njih daje kvalitetan beton koji je najbitnije dobro i kvalitetno ugraditi.<\/p>\r\n            <p>Gemmax gradnja poseduje svoju najsavremeniju betonsku bazu 120m\u00b3\/h, betonske pumpe marke \"CIFA\" dohvata od 25m do 49m, sopstvene miksere od 10-12m\u00b3, svoje helikoptere kao i lasere za ugradnju, tako da u ponudi izvo\u0111enja radova nude izradu ind. podova, ferobetona i protivkliznih betona. Tako\u0111e se bavimo prevozom i prodajom betona.<\/p>\r\n        <\/div>\r\n        \r\n        <div class=\"gemmax-service-category\">\r\n            <h3 class=\"gemmax-category-title\">ASFALTIRANJE<\/h3>\r\n            <p>Gemmax gradnja poseduje svoju najsavremeniju asfaltnu bazu euro A klase marke \"Aman\" 150 t\/h koja se nalazi u Novom Sadu, naselje Banglade\u0161.<\/p>\r\n            <p>Posedujemo fini\u0161ere marke \"Vogel\" i \"ABG Volvo\" sa prate\u0107im valjkovima guma-guma, guma-pegla, pegla-pegla marke \"Bomag\" koji su opremljeni najsavremenijim asfalt sistemima, asfalt menad\u017eera, glodalice za asfalt \"Virgen\". To zna\u010di da smo u mogu\u0107nosti da asfaltiramo bulevare, ulice, trotoare, prilazne puteve, platoe, igrali\u0161ta i drugo. Tako\u0111e, bavimo se prodajom i prevozom asfalta.<\/p>\r\n        <\/div>\r\n        \r\n        <div class=\"gemmax-service-category\">\r\n            <h3 class=\"gemmax-category-title\">TARUPIRANJE<\/h3>\r\n            <p>Gemmax gradnja poseduje Tarup za mlevenje \u0161iblja i drve\u0107a.<\/p>\r\n        <\/div>\r\n        \r\n        <div class=\"gemmax-service-category\">\r\n            <h3 class=\"gemmax-category-title\">OZELENJAVANJE<\/h3>\r\n        <\/div>\r\n    <\/div>\r\n    \r\n    <div class=\"gemmax-service-section\">\r\n        <h2 class=\"gemmax-service-title\">2. RADOVI U VISOKOGRADNJI<\/h2>\r\n        <p>Gemmax gradnja je 2008. godine po\u010dela da se bavi isklju\u010divo visokogradnjom i iza sebe imamo preko 300.000m\u00b3 izgra\u0111enih objekata koji su bili namenjeni daljoj prodaji. Mo\u017eemo se pohvaliti da su svi objekti u proteklom periodu uknji\u017eeni i prodati zadovoljnim kupcima.<\/p>\r\n        <p>Pored toga, Gemmax gradnja je izgradila preko 1000.000m\u00b3 industrijskih objekata, magacina, proizvodnih hala i trgovinskih objekata tre\u0107im licima, a tako\u0111e smo izgradili najve\u0107i aqua park u Subotici na Pali\u0107u. Smatramo da ne postoji objekat koji ne mo\u017eemo izgraditi i zato je na\u0161 moto \"Gradimo da traje\".<\/p>\r\n        <p>Opremljeni smo sopstvenim kranovima, autodizalicama, oplatama, talpama, i svim prate\u0107im materijalima i ma\u0161inama koji su potrebni za brzu i savremenu izgradnju. Na\u0161a snaga i potencijal visokogradnje su usvojeni, ustanovljeni i u praksi sprovedeni sistemi modernog poslovanja koji se stalno usavr\u0161avaju i prilago\u0111avaju svetskim trendovima, kako u smislu novih tehnologija izvr\u0161enja radova, tako i u ekonomskim i drugim parametrima i uslovima koje diktira tr\u017ei\u0161te.<\/p>\r\n        <p>Primenjuju\u0107i prave vrednosti i doma\u0107insko poslovanje, Gemmax gradnja sti\u010de visoko poverenje i preporuke svojih klijenata, \u0161to doprinosi pozitivnoj transformaciji \u017eivotne sredine. U nama \u0107ete prona\u0107i kvalitetnog i sigurnog partnera, sa profesionalnim odnosom prema poslu i stru\u010dnim kadrovskim potencijalom koji neprestano ja\u010damo.<\/p>\r\n    <\/div>\r\n    \r\n    <div class=\"gemmax-service-section\">\r\n        <h2 class=\"gemmax-service-title\">3. RADOVI U HIDROGRADNJI<\/h2>\r\n        <p>Sektor Hidrogradnje bavi se izgradnjom slo\u017eenih hidrogra\u0111evinskih objekata kao \u0161to su: monta\u017ea svih vrsta cevovoda pri izgradnji vodovoda i kanalizacije, IZGRADNJE HIDRANTSKE MRE\u017dE, izgradnja i opremanje crpnih postrojenja, monta\u017ea infrastrukture kod izgradnje velikih industrijskih kompleksa, utiskivanje \u010deli\u010dnih cevi ispod koloseka \u017eelezni\u010dke pruge i asfaltnih kolovoza pre\u010dnika do 2.500 mm, sni\u017eavanje nivoa podzemnih voda iglofilterskim postrojenjem i sli\u010dno.<\/p>\r\n        <p>Mo\u017eemo se pohvaliti \u010dinjenicom da smo izgradili kanalizacije do f350 vodovodne mre\u017ee zacevljivanje kanala do 1500, a tako\u0111e imamo i bogatu referencu rada.<\/p>\r\n    <\/div>\r\n    \r\n    <div class=\"gemmax-service-section\">\r\n        <h2 class=\"gemmax-service-title\">4. TRANSPORT SPECIJALNIH VANGABARITNIH TERETA<\/h2>\r\n        <p>Na\u0161 vozni park i ovaj segment poslovanja zaokru\u017eili smo takozvanim labudicama, nosivosti od 11t do 40t, tako da ponudom pokrivamo transport ma\u0161ina svih te\u017eina.<\/p>\r\n        <p>Osim prevoza organizujemo i sve neophodne pripreme za bezbedan i siguran transport (dozvole za vangabaritni transport i ostalu potrebnu dokumentaciju i pripreme), kao i obezbe\u0111enje vozila za pratnju vangabaritnog tereta. Na\u0161 kadar \u010dine profesionalni voza\u010di sa dugogodi\u0161njim iskustvom.<\/p>\r\n    <\/div>\r\n    \r\n    <div class=\"gemmax-service-section\">\r\n        <h2 class=\"gemmax-service-title\">5. IZNAMLJIVANJE AUTO DIZALICA, TELEHENDERA I KORPI<\/h2>\r\n        <p>Sigurnost i kvalitet na\u0161i su prioriteti.<\/p>\r\n        <p>Posedujemo najmodernije i najsavremenije autodizalice Liebherr, Terex, Faun Tadano nosivosti od 150t do 60t.<\/p>\r\n        <p>Tako\u0111e u ponudi imamo i kamione sa rukom Mercedes Actros FASSI F485 nosivosti do 13,5t dosega do 29m sa opcionom korpom i Man 4\u00d74 Palfinger PK8501-KA nosivosti do 3,3t.<\/p>\r\n        <p>Telehender Magni RTH 5,25 \u2013 nosivosti do 5,5t visine do 25m (vile,korpa,vitlo).<\/p>\r\n        <p>Korpe i platforme, vi\u0161e vrsta, dosega od 10m do 22,3m i nosivosti od 200kg do 750kg.<\/p>\r\n    <\/div>\r\n    \r\n    <div class=\"gemmax-service-section\">\r\n        <h2 class=\"gemmax-service-title\">6. GEODETSKE USLUGE<\/h2>\r\n        <p>Radi efikasnosti, ta\u010dnosti i pouzdanosti izvo\u0111enja svih gra\u0111evinskih radova u niskogradnji, hidrogradnji i visoko gradnji \"GEMMAX GRADNJA\" d.o.o je formirala sektor za geodeziju. Uz iskusni i stru\u010dni kadar, raspola\u017eemo i geodetskom opremom od renomiranog proizvo\u0111a\u010da marke Leica.<\/p>\r\n        <p>Pored klasi\u010dne geodetske opreme Totalne stanice, GPS-a i nivelira, posedujemo i ure\u0111aje za 3D pozicioniranje na\u0161ih gra\u0111evinskih ma\u0161ina sistemima LEICA iCON gps 80, \u0161to nam garantuje visoku preciznost, kvalitet i pravi u\u0161tedu po projektovanim koli\u010dinama u izvo\u0111enju radova.<\/p>\r\n        <p>Tako\u0111e pored konvecionalne opreme posedujemo i dron Phantom 4 RTK marke DJI, za snimanje, kartiranje terena pre, tokom i nakon izvedenih radova, kao i za obra\u010dun koli\u010dina.<\/p>\r\n    <\/div>\r\n<\/div>\r\n\r\n<style>\r\n.gemmax-services {\r\n    font-family: 'Roboto', sans-serif;\r\n    color: #333;\r\n    line-height: 1.6;\r\n    max-width: 1200px;\r\n    margin: 0 auto;\r\n    padding: 20px;\r\n}\r\n\r\n.gemmax-service-section {\r\n    margin-bottom: 40px;\r\n    padding: 25px;\r\n    background-color: #f9f9f9;\r\n    border-radius: 8px;\r\n    box-shadow: 0 2px 10px rgba(0,0,0,0.1);\r\n}\r\n\r\n.gemmax-service-title {\r\n    color: #2a7f3f; \/* ZELENA boja za glavne naslove *\/\r\n    font-family: 'Roboto', sans-serif;\r\n    font-weight: 700; \/* Bold *\/\r\n    font-size: 28px;\r\n    margin-bottom: 20px;\r\n    padding-bottom: 10px;\r\n    border-bottom: 2px solid #2a7f3f; \/* ZELENA boja za underline *\/\r\n}\r\n\r\n.gemmax-service-intro {\r\n    font-family: 'Roboto', sans-serif;\r\n    font-weight: 400; \/* Regular *\/\r\n    font-size: 18px;\r\n    margin-bottom: 25px;\r\n}\r\n\r\n.gemmax-service-category {\r\n    margin-bottom: 25px;\r\n    padding: 15px;\r\n    background-color: white;\r\n    border-radius: 6px;\r\n    box-shadow: 0 1px 5px rgba(0,0,0,0.05);\r\n}\r\n\r\n.gemmax-category-title {\r\n    color: #2a7f3f; \/* SVI PODNASLOVI SADA U ZELENOJ BOJI *\/\r\n    font-family: 'Roboto', sans-serif;\r\n    font-weight: 700; \/* Bold *\/\r\n    font-size: 22px;\r\n    margin-bottom: 15px;\r\n}\r\n\r\n.gemmax-service-section p {\r\n    font-family: 'Roboto', sans-serif;\r\n    font-weight: 400; \/* Regular *\/\r\n}\r\n\r\n@media (max-width: 768px) {\r\n    .gemmax-service-title {\r\n        font-size: 24px;\r\n    }\r\n    \r\n    .gemmax-category-title {\r\n        font-size: 20px;\r\n    }\r\n}\r\n<\/style>\r\n\r\n<!-- Dodajemo link za Roboto font -->\r\n<link href=\"https:\/\/fonts.googleapis.com\/css2?family=Roboto:wght@400;700&display=swap\" rel=\"stylesheet\">\t\t\t\t<\/div>\n\t\t\t\t<\/div>\n\t\t\t\t\t<\/div>\n\t\t\t\t<\/div>\n\t\t\t\t<\/div>\n\t\t","protected":false},"excerpt":{"rendered":"<p>USLUGE Po\u0161aljite nam va\u0161 upit za saradnju KONTAKT 1. RADOVI U NISKOGRADNJI Sa dugogodi\u0161njim iskustvom koje smo stekli, mehanizacijom koju konstantno dopunjujemo i modernizujemo koriste\u0107i inovativne tehnike i kvalitetan gra\u0111evinski materijal iz sopstvenih resursa, spremni smo da odgovorimo na zahteve na\u0161ih klijenata iz slede\u0107ih oblasti niskogradnje. ISKOPI Gemmax gradnja nudi u svim zemljanim kategorijama prevoz [&hellip;]<\/p>\n","protected":false},"author":1,"featured_media":0,"parent":0,"menu_order":0,"comment_status":"closed","ping_status":"closed","template":"","meta":{"footnotes":""},"class_list":["post-185","page","type-page","status-publish","hentry"],"_links":{"self":[{"href":"https:\/\/noviprojekat.gemmaxgradnja.com\/index.php\/wp-json\/wp\/v2\/pages\/185","targetHints":{"allow":["GET"]}}],"collection":[{"href":"https:\/\/noviprojekat.gemmaxgradnja.com\/index.php\/wp-json\/wp\/v2\/pages"}],"about":[{"href":"https:\/\/noviprojekat.gemmaxgradnja.com\/index.php\/wp-json\/wp\/v2\/types\/page"}],"author":[{"embeddable":true,"href":"https:\/\/noviprojekat.gemmaxgradnja.com\/index.php\/wp-json\/wp\/v2\/users\/1"}],"replies":[{"embeddable":true,"href":"https:\/\/noviprojekat.gemmaxgradnja.com\/index.php\/wp-json\/wp\/v2\/comments?post=185"}],"version-history":[{"count":7,"href":"https:\/\/noviprojekat.gemmaxgradnja.com\/index.php\/wp-json\/wp\/v2\/pages\/185\/revisions"}],"predecessor-version":[{"id":197,"href":"https:\/\/noviprojekat.gemmaxgradnja.com\/index.php\/wp-json\/wp\/v2\/pages\/185\/revisions\/197"}],"wp:attachment":[{"href":"https:\/\/noviprojekat.gemmaxgradnja.com\/index.php\/wp-json\/wp\/v2\/media?parent=185"}],"curies":[{"name":"wp","href":"https:\/\/api.w.org\/{rel}","templated":true}]}}