{"id":157,"date":"2025-07-01T09:16:57","date_gmt":"2025-07-01T09:16:57","guid":{"rendered":"https:\/\/noviprojekat.gemmaxgradnja.com\/?page_id=157"},"modified":"2025-07-07T07:53:22","modified_gmt":"2025-07-07T07:53:22","slug":"o-nama","status":"publish","type":"page","link":"https:\/\/noviprojekat.gemmaxgradnja.com\/index.php\/o-nama\/","title":{"rendered":"O nama"},"content":{"rendered":"\t\t<div data-elementor-type=\"wp-page\" data-elementor-id=\"157\" class=\"elementor elementor-157\" data-elementor-post-type=\"page\">\n\t\t\t\t<div class=\"elementor-element elementor-element-bc0f578 e-flex e-con-boxed e-con e-parent\" data-id=\"bc0f578\" data-element_type=\"container\" data-settings=\"{&quot;background_background&quot;:&quot;classic&quot;}\">\n\t\t\t\t\t<div class=\"e-con-inner\">\n\t\t\t\t<div class=\"elementor-element elementor-element-d25077f elementor-widget elementor-widget-heading\" data-id=\"d25077f\" data-element_type=\"widget\" data-widget_type=\"heading.default\">\n\t\t\t\t<div class=\"elementor-widget-container\">\n\t\t\t\t\t<h2 class=\"elementor-heading-title elementor-size-default\">O NAMA<\/h2>\t\t\t\t<\/div>\n\t\t\t\t<\/div>\n\t\t\t\t\t<\/div>\n\t\t\t\t<\/div>\n\t\t<div class=\"elementor-element elementor-element-c6e7d1c e-flex e-con-boxed e-con e-parent\" data-id=\"c6e7d1c\" data-element_type=\"container\">\n\t\t\t\t\t<div class=\"e-con-inner\">\n\t\t\t\t<div class=\"elementor-element elementor-element-01ab82d elementor-widget elementor-widget-heading\" data-id=\"01ab82d\" data-element_type=\"widget\" data-widget_type=\"heading.default\">\n\t\t\t\t<div class=\"elementor-widget-container\">\n\t\t\t\t\t<h2 class=\"elementor-heading-title elementor-size-default\">Gemmax gradnja<\/h2>\t\t\t\t<\/div>\n\t\t\t\t<\/div>\n\t\t\t\t<div class=\"elementor-element elementor-element-45e0d6c elementor-widget-divider--view-line elementor-widget elementor-widget-divider\" data-id=\"45e0d6c\" data-element_type=\"widget\" data-widget_type=\"divider.default\">\n\t\t\t\t<div class=\"elementor-widget-container\">\n\t\t\t\t\t\t\t<div class=\"elementor-divider\">\n\t\t\t<span class=\"elementor-divider-separator\">\n\t\t\t\t\t\t<\/span>\n\t\t<\/div>\n\t\t\t\t\t\t<\/div>\n\t\t\t\t<\/div>\n\t\t\t\t<div class=\"elementor-element elementor-element-9eb4aa1 elementor-widget elementor-widget-text-editor\" data-id=\"9eb4aa1\" data-element_type=\"widget\" data-widget_type=\"text-editor.default\">\n\t\t\t\t<div class=\"elementor-widget-container\">\n\t\t\t\t\t\t\t\t\t<p>Privredno dru\u0161tvo Gemmax gradnja uspe\u0161no se bavi vi\u0161e od dve decenije izgradnjom stambeno poslovnih i industrijskih objekata. Pored toga bavimo se i izgradnjom i radovima u niskogradnji i hidrogradnji, kao i transportom specijalnih vangabaritnih tereta.<\/p><p>U sklopu Gemmax gradnje funkcioni\u0161u i tri fabrike, od kojih je jedna kamenolom za proizvodnju kamenih frakcija i tampona, a druga je fabrika sve\u017eeg betona i fabrika za proizvodnju asfalta.<\/p>\t\t\t\t\t\t\t\t<\/div>\n\t\t\t\t<\/div>\n\t\t\t\t\t<\/div>\n\t\t\t\t<\/div>\n\t\t<div class=\"elementor-element elementor-element-2b6d49e e-con-full e-flex e-con e-parent\" data-id=\"2b6d49e\" data-element_type=\"container\">\n\t\t<div class=\"elementor-element elementor-element-4be5dd4 e-con-full e-flex e-con e-child\" data-id=\"4be5dd4\" data-element_type=\"container\" data-settings=\"{&quot;background_background&quot;:&quot;classic&quot;}\">\n\t\t\t\t<\/div>\n\t\t<div class=\"elementor-element elementor-element-abb2f59 e-con-full e-flex e-con e-child\" data-id=\"abb2f59\" data-element_type=\"container\">\n\t\t\t\t<div class=\"elementor-element elementor-element-ba0a2b0 elementor-widget elementor-widget-heading\" data-id=\"ba0a2b0\" data-element_type=\"widget\" data-widget_type=\"heading.default\">\n\t\t\t\t<div class=\"elementor-widget-container\">\n\t\t\t\t\t<h2 class=\"elementor-heading-title elementor-size-default\">POSLOVANJE NA\u0160E KOMPANIJE <br> KARAKTERI\u0160U:<\/h2>\t\t\t\t<\/div>\n\t\t\t\t<\/div>\n\t\t<div class=\"elementor-element elementor-element-cfe3604 e-con-full e-flex e-con e-child\" data-id=\"cfe3604\" data-element_type=\"container\">\n\t\t<div class=\"elementor-element elementor-element-5415541 e-con-full e-flex e-con e-child\" data-id=\"5415541\" data-element_type=\"container\">\n\t\t\t\t<div class=\"elementor-element elementor-element-819d67e elementor-widget elementor-widget-text-editor\" data-id=\"819d67e\" data-element_type=\"widget\" data-widget_type=\"text-editor.default\">\n\t\t\t\t<div class=\"elementor-widget-container\">\n\t\t\t\t\t\t\t\t\t<ul><li><strong>VISOK STEPEN BEZBEDNOSTI<\/strong><\/li><li><strong>KOMPLETNOST USLUGE<\/strong><\/li><li><strong>SPECIJALIZOVANE MA\u0160INE<\/strong><\/li><li><strong>\u0160IROKA PALETA RAZNIH ALATA I PRIBORA<\/strong><\/li><li><strong>UVA\u017dAVANJE SPECIFI\u010cNIH ZAHTEVA KORISNIKA USLUGA<\/strong><\/li><li><strong>OBAVLJANJE POSLA U UGOVORENOM ROKU<\/strong><\/li><li><strong>VISOK NIVO POSLOVNE ETIKE<\/strong><\/li><li><strong>VISOKOSTRU\u010cNI KADROVI<\/strong><\/li><li><strong>SARADNJA SA NAU\u010cNIM USTANOVAMA<\/strong><\/li><li><strong>SARADNJA SA PROJEKTNIM BIROIMA I ISTRA\u017dIVA\u010cKIM USTANOVAMA<\/strong><\/li><li><strong>SARADNJA SA STRU\u010cNIM \u010cASOPISIMA<\/strong><\/li><\/ul>\t\t\t\t\t\t\t\t<\/div>\n\t\t\t\t<\/div>\n\t\t\t\t<\/div>\n\t\t<div class=\"elementor-element elementor-element-4abc096 e-con-full e-flex e-con e-child\" data-id=\"4abc096\" data-element_type=\"container\">\n\t\t\t\t<div class=\"elementor-element elementor-element-daa6b9f elementor-widget elementor-widget-text-editor\" data-id=\"daa6b9f\" data-element_type=\"widget\" data-widget_type=\"text-editor.default\">\n\t\t\t\t<div class=\"elementor-widget-container\">\n\t\t\t\t\t\t\t\t\t<p><strong>POSEDUJEMO I AKREDITOVANE SERTIFIKATE ISO 9001:2008, ISO 14001:2004 I OHSAS 18001:2007 KOJIMA SE DEFINI\u0160U ZAHTEVI SISTEMA UPRAVLJANJA KVALITETOM, \u017dA\u0160TITOM \u017dIVOTNE SREDINE I ZDRAVLJEM I BEZBEDNO\u0160\u0106U NA RADU.<\/strong><\/p>\t\t\t\t\t\t\t\t<\/div>\n\t\t\t\t<\/div>\n\t\t\t\t<\/div>\n\t\t\t\t<\/div>\n\t\t<div class=\"elementor-element elementor-element-75ff233 e-con-full e-flex e-con e-child\" data-id=\"75ff233\" data-element_type=\"container\">\n\t\t<div class=\"elementor-element elementor-element-0d0c577 e-con-full e-flex e-con e-child\" data-id=\"0d0c577\" data-element_type=\"container\" data-settings=\"{&quot;background_background&quot;:&quot;classic&quot;}\">\n\t\t\t\t<div class=\"elementor-element elementor-element-4b90dd9 elementor-widget elementor-widget-counter\" data-id=\"4b90dd9\" data-element_type=\"widget\" data-widget_type=\"counter.default\">\n\t\t\t\t<div class=\"elementor-widget-container\">\n\t\t\t\t\t\t\t<div class=\"elementor-counter\">\n\t\t\t<div class=\"elementor-counter-title\">GODINA USPE\u0160NOG RADA<\/div>\t\t\t<div class=\"elementor-counter-number-wrapper\">\n\t\t\t\t<span class=\"elementor-counter-number-prefix\"><\/span>\n\t\t\t\t<span class=\"elementor-counter-number\" data-duration=\"2000\" data-to-value=\"17\" data-from-value=\"1\" data-delimiter=\",\">1<\/span>\n\t\t\t\t<span class=\"elementor-counter-number-suffix\"><\/span>\n\t\t\t<\/div>\n\t\t<\/div>\n\t\t\t\t\t\t<\/div>\n\t\t\t\t<\/div>\n\t\t\t\t<\/div>\n\t\t<div class=\"elementor-element elementor-element-9a0b3cf e-con-full e-flex e-con e-child\" data-id=\"9a0b3cf\" data-element_type=\"container\" data-settings=\"{&quot;background_background&quot;:&quot;classic&quot;}\">\n\t\t\t\t<div class=\"elementor-element elementor-element-272d999 elementor-widget elementor-widget-counter\" data-id=\"272d999\" data-element_type=\"widget\" data-widget_type=\"counter.default\">\n\t\t\t\t<div class=\"elementor-widget-container\">\n\t\t\t\t\t\t\t<div class=\"elementor-counter\">\n\t\t\t<div class=\"elementor-counter-title\">ZAVR\u0160ENIH PROJEKATA<\/div>\t\t\t<div class=\"elementor-counter-number-wrapper\">\n\t\t\t\t<span class=\"elementor-counter-number-prefix\"><\/span>\n\t\t\t\t<span class=\"elementor-counter-number\" data-duration=\"2000\" data-to-value=\"250\" data-from-value=\"1\" data-delimiter=\",\">1<\/span>\n\t\t\t\t<span class=\"elementor-counter-number-suffix\"><\/span>\n\t\t\t<\/div>\n\t\t<\/div>\n\t\t\t\t\t\t<\/div>\n\t\t\t\t<\/div>\n\t\t\t\t<\/div>\n\t\t\t\t<\/div>\n\t\t\t\t<\/div>\n\t\t\t\t<\/div>\n\t\t<div class=\"elementor-element elementor-element-4ef0cca e-flex e-con-boxed e-con e-parent\" data-id=\"4ef0cca\" data-element_type=\"container\">\n\t\t\t\t\t<div class=\"e-con-inner\">\n\t\t\t\t<div class=\"elementor-element elementor-element-b923885 elementor-widget elementor-widget-heading\" data-id=\"b923885\" data-element_type=\"widget\" data-widget_type=\"heading.default\">\n\t\t\t\t<div class=\"elementor-widget-container\">\n\t\t\t\t\t<h2 class=\"elementor-heading-title elementor-size-default\">Na\u0161i zavr\u0161eni projekti<\/h2>\t\t\t\t<\/div>\n\t\t\t\t<\/div>\n\t\t\t\t<div class=\"elementor-element elementor-element-2994d47 elementor-widget-divider--view-line elementor-widget elementor-widget-divider\" data-id=\"2994d47\" data-element_type=\"widget\" data-widget_type=\"divider.default\">\n\t\t\t\t<div class=\"elementor-widget-container\">\n\t\t\t\t\t\t\t<div class=\"elementor-divider\">\n\t\t\t<span class=\"elementor-divider-separator\">\n\t\t\t\t\t\t<\/span>\n\t\t<\/div>\n\t\t\t\t\t\t<\/div>\n\t\t\t\t<\/div>\n\t\t\t\t\t<\/div>\n\t\t\t\t<\/div>\n\t\t<div class=\"elementor-element elementor-element-8bbb102 e-flex e-con-boxed e-con e-parent\" data-id=\"8bbb102\" data-element_type=\"container\">\n\t\t\t\t\t<div class=\"e-con-inner\">\n\t\t\t\t<div class=\"elementor-element elementor-element-a41f6d5 elementor-widget elementor-widget-html\" data-id=\"a41f6d5\" data-element_type=\"widget\" data-widget_type=\"html.default\">\n\t\t\t\t<div class=\"elementor-widget-container\">\n\t\t\t\t\t<div class=\"gemmax-projects-container\">\r\n  <!-- Project 1 -->\r\n  <div class=\"project-box\">\r\n    <div class=\"project-image\">\r\n      <img decoding=\"async\" src=\"https:\/\/noviprojekat.gemmaxgradnja.com\/wp-content\/uploads\/2025\/07\/patrijarha-carnojevica-br33-Gemmay-projekat-Novi-sad.webp\" alt=\"Patrijarha \u010carnojevi\u0107a 33\">\r\n    <\/div>\r\n    <div class=\"project-content\">\r\n      <h3 class=\"project-title\">Patrijarha \u010carnojevi\u0107a 33<\/h3>\r\n      <p class=\"project-description\">Stambena zgrada se nalazi u starom jezgru Novog Sada na parceli 4170\/1 k.o. Novi Sad I pripadaju\u0107i naselju Podbara.<\/p>\r\n    <\/div>\r\n    <div class=\"project-overlay\"><\/div>\r\n  <\/div>\r\n\r\n  <!-- Project 2 -->\r\n  <div class=\"project-box\">\r\n    <div class=\"project-image\">\r\n      <img decoding=\"async\" src=\"https:\/\/noviprojekat.gemmaxgradnja.com\/wp-content\/uploads\/2025\/07\/vojvode_knicanina_002.webp\" alt=\"Vojvode Kni\u0107anina 3\">\r\n    <\/div>\r\n    <div class=\"project-content\">\r\n      <h3 class=\"project-title\">Vojvode Kni\u0107anina broj 3<\/h3>\r\n      <p class=\"project-description\">Stambena vila Vojvode Kni\u0107anina 3 nalazi se na elitnoj lokaciji naselja Grbavica, u\u0161u\u0161kana u mirnom i idili\u010dnom okru\u017eenju preko puta parka sa pogledom na drvorede.<\/p>\r\n    <\/div>\r\n    <div class=\"project-overlay\"><\/div>\r\n  <\/div>\r\n\r\n  <!-- Project 3 -->\r\n  <div class=\"project-box\">\r\n    <div class=\"project-image\">\r\n      <img decoding=\"async\" src=\"https:\/\/noviprojekat.gemmaxgradnja.com\/wp-content\/uploads\/2025\/07\/doza_djerdja_063.webp\" alt=\"Do\u017ea \u0110er\u0111a 61\">\r\n    <\/div>\r\n    <div class=\"project-content\">\r\n      <h3 class=\"project-title\">Do\u017ea \u0110er\u0111a broj 61<\/h3>\r\n      <p class=\"project-description\">Luksuzna zgrada sa sa najboljom opremom: italijanske plo\u010dice, Villeroy&Boch sanitarije, Hansgrohe slavine i tu\u0161evi, bojleri, Velux prozori, \u200b Inox ograde na terasama\u2026<\/p>\r\n    <\/div>\r\n    <div class=\"project-overlay\"><\/div>\r\n  <\/div>\r\n<\/div>\r\n\r\n<style>\r\n.gemmax-projects-container {\r\n  display: grid;\r\n  grid-template-columns: repeat(auto-fit, minmax(300px, 1fr));\r\n  gap: 30px;\r\n  padding: 20px;\r\n  max-width: 1200px;\r\n  margin: 0 auto;\r\n  font-family: 'Roboto', sans-serif;\r\n}\r\n\r\n.project-box {\r\n  position: relative;\r\n  border-radius: 12px;\r\n  overflow: hidden;\r\n  box-shadow: 0 10px 20px rgba(0,0,0,0.15);\r\n  transition: transform 0.3s ease, box-shadow 0.3s ease;\r\n  background: #f8f8f8;\r\n  border: 1px solid #e0e0e0;\r\n}\r\n\r\n.project-box:hover {\r\n  transform: translateY(-10px);\r\n  box-shadow: 0 15px 30px rgba(0,0,0,0.2);\r\n}\r\n\r\n.project-image {\r\n  height: 250px;\r\n  overflow: hidden;\r\n}\r\n\r\n.project-image img {\r\n  width: 100%;\r\n  height: 100%;\r\n  object-fit: cover;\r\n  transition: transform 0.5s ease;\r\n}\r\n\r\n.project-box:hover .project-image img {\r\n  transform: scale(1.05);\r\n}\r\n\r\n.project-content {\r\n  padding: 25px;\r\n  position: relative;\r\n  z-index: 2;\r\n  background: white;\r\n}\r\n\r\n.project-title {\r\n  color: #333;\r\n  font-weight: 700;\r\n  font-size: 22px;\r\n  margin-bottom: 15px;\r\n  font-family: 'Roboto', sans-serif;\r\n}\r\n\r\n.project-description {\r\n  color: #666;\r\n  font-weight: 300;\r\n  font-size: 16px;\r\n  line-height: 1.6;\r\n  margin-bottom: 0;\r\n  font-family: 'Roboto', sans-serif;\r\n}\r\n\r\n.project-overlay {\r\n  position: absolute;\r\n  bottom: 0;\r\n  left: 0;\r\n  right: 0;\r\n  height: 5px;\r\n  background-color: #55a745;\r\n  transition: height 0.3s ease;\r\n}\r\n\r\n.project-box:hover .project-overlay {\r\n  height: 8px;\r\n}\r\n\r\n@media (max-width: 768px) {\r\n  .gemmax-projects-container {\r\n    grid-template-columns: 1fr;\r\n    gap: 20px;\r\n  }\r\n  \r\n  .project-image {\r\n    height: 200px;\r\n  }\r\n}\r\n<\/style>\t\t\t\t<\/div>\n\t\t\t\t<\/div>\n\t\t\t\t<div class=\"elementor-element elementor-element-745e174 elementor-align-center elementor-widget elementor-widget-button\" data-id=\"745e174\" data-element_type=\"widget\" data-widget_type=\"button.default\">\n\t\t\t\t<div class=\"elementor-widget-container\">\n\t\t\t\t\t\t\t\t\t<div class=\"elementor-button-wrapper\">\n\t\t\t\t\t<a class=\"elementor-button elementor-button-link elementor-size-sm elementor-animation-grow\" href=\"https:\/\/noviprojekat.gemmaxgradnja.com\/index.php\/nasi-zavrseni-projekti\/\">\n\t\t\t\t\t\t<span class=\"elementor-button-content-wrapper\">\n\t\t\t\t\t\t\t\t\t<span class=\"elementor-button-text\">POGLEDAJTE SVE<\/span>\n\t\t\t\t\t<\/span>\n\t\t\t\t\t<\/a>\n\t\t\t\t<\/div>\n\t\t\t\t\t\t\t\t<\/div>\n\t\t\t\t<\/div>\n\t\t\t\t\t<\/div>\n\t\t\t\t<\/div>\n\t\t\t\t<\/div>\n\t\t","protected":false},"excerpt":{"rendered":"<p>O NAMA Gemmax gradnja Privredno dru\u0161tvo Gemmax gradnja uspe\u0161no se bavi vi\u0161e od dve decenije izgradnjom stambeno poslovnih i industrijskih objekata. Pored toga bavimo se i izgradnjom i radovima u niskogradnji i hidrogradnji, kao i transportom specijalnih vangabaritnih tereta. U sklopu Gemmax gradnje funkcioni\u0161u i tri fabrike, od kojih je jedna kamenolom za proizvodnju kamenih [&hellip;]<\/p>\n","protected":false},"author":1,"featured_media":0,"parent":0,"menu_order":0,"comment_status":"closed","ping_status":"closed","template":"","meta":{"footnotes":""},"class_list":["post-157","page","type-page","status-publish","hentry"],"_links":{"self":[{"href":"https:\/\/noviprojekat.gemmaxgradnja.com\/index.php\/wp-json\/wp\/v2\/pages\/157","targetHints":{"allow":["GET"]}}],"collection":[{"href":"https:\/\/noviprojekat.gemmaxgradnja.com\/index.php\/wp-json\/wp\/v2\/pages"}],"about":[{"href":"https:\/\/noviprojekat.gemmaxgradnja.com\/index.php\/wp-json\/wp\/v2\/types\/page"}],"author":[{"embeddable":true,"href":"https:\/\/noviprojekat.gemmaxgradnja.com\/index.php\/wp-json\/wp\/v2\/users\/1"}],"replies":[{"embeddable":true,"href":"https:\/\/noviprojekat.gemmaxgradnja.com\/index.php\/wp-json\/wp\/v2\/comments?post=157"}],"version-history":[{"count":28,"href":"https:\/\/noviprojekat.gemmaxgradnja.com\/index.php\/wp-json\/wp\/v2\/pages\/157\/revisions"}],"predecessor-version":[{"id":869,"href":"https:\/\/noviprojekat.gemmaxgradnja.com\/index.php\/wp-json\/wp\/v2\/pages\/157\/revisions\/869"}],"wp:attachment":[{"href":"https:\/\/noviprojekat.gemmaxgradnja.com\/index.php\/wp-json\/wp\/v2\/media?parent=157"}],"curies":[{"name":"wp","href":"https:\/\/api.w.org\/{rel}","templated":true}]}}